{"id":98993,"date":"2026-01-18T08:56:31","date_gmt":"2026-01-18T08:56:31","guid":{"rendered":"https:\/\/alekeskus.eu\/?post_type=product&#038;p=98993"},"modified":"2026-02-18T12:58:35","modified_gmt":"2026-02-18T12:58:35","slug":"aiamaja-valli-90m-suvaimmutatud-alekeskus","status":"publish","type":"product","link":"https:\/\/alekeskus.eu\/et\/toode\/aiamaja-valli-90m-suvaimmutatud-alekeskus\/","title":{"rendered":"Aiamaja Valli 9,0 m\u00b2 s\u00fcvaimmutatud pruun"},"content":{"rendered":"<div class=\"pictogram qtip-additional-element\">\n<div class=\"image\">\n<p><strong>Telli juurde:<\/strong><\/p>\n<p><strong>&#8211; SBS-bituumen<\/strong><strong>kate 3 rulli\u00a0<\/strong><\/p>\n<p><strong>&#8211; bituumensindel 6 pakki<\/strong><\/p>\n<p><strong>&#8211; vihmaveerennid<\/strong><\/p>\n<p><strong>&#8211; s\u00fcvaimmutatud p\u00f5randalauad 19 mm, talad ja naelad<\/strong><\/p>\n<p>Pakend:\u00a0 4,5 x 1,2 x 0,5 m; kaal 650 kg<\/p>\n<\/div>\n<\/div>\n<div class=\"clearfix\"><\/div>\n<div class=\"pictogram qtip-additional-element\"><\/div>\n","protected":false},"excerpt":{"rendered":"<p>V\u00e4lism\u00f5\u00f5dud: <strong>3,38 x 2,76 m<\/strong>.<\/p>\n<p><strong>TASUTA VEDU \u00fcle Eesti (ka suursaared)!\u00a0<\/strong><\/p>\n<ul>\n<li>k\u00f5ik toote puuosad on <strong>s\u00fcvaimmutatud pruuni v\u00e4rvi<\/strong> (kemikaalina kasutatakse Impralit-KDS, erinevatel biotsiididel ja vase\u00fchenditel p\u00f5hinev kroomivaba vesilahus, mis kaitseb kahjurite, seente, hallituse ja m\u00e4danemise eest)<\/li>\n<li>tuuletapiga <strong>freespalk 28 mm<\/strong>, tormikinnitused<\/li>\n<li>r\u00e4\u00e4sta k\u00f5rgus 194 cm ja harja k\u00f5rgus 235 cm<\/li>\n<li>katusetalad 44 x 120 mm, punniga katuselaudis 16 mm<\/li>\n<li>katuse pindala 13 m\u00b2 ja kalle 13\u00ba, r\u00e4\u00e4stas 32 cm<\/li>\n<li>punnitud katuselauad 16 mm, laetalad 44 x 140 mm<\/li>\n<li>katusekate lisahinnaga(tarve 2 rullkatet)<\/li>\n<li>p\u00f5randat ei ole (lisahinnaga +450\u20ac s\u00fcvaimmutatud pruunid 19 mm p\u00f5randalauad, talad ja naelad)<\/li>\n<li>silinderlukuga klaasitud paarisuks 139 x 175 cm, liimpuidust ukseleng, madal metalliga kaetud l\u00e4vepakk<\/li>\n<li>kinnitusvahendid ja koostejuhend<\/li>\n<li>5-aastane tehase garantii<\/li>\n<li>Eesti toode<\/li>\n<li>vihmakindel pakend<\/li>\n<\/ul>\n<p>K\u00fcsi ka paigaldust!<\/p>\n","protected":false},"featured_media":99006,"template":"","meta":{"_monsterinsights_skip_tracking":false,"_monsterinsights_sitenote_active":false,"_monsterinsights_sitenote_note":"","_monsterinsights_sitenote_category":0},"pwb-brand":[],"product_brand":[],"product_cat":[17182,13538,13592,13540,13600,13534],"product_tag":[15706,15842,13864,13899,13983,17443,14264,18150,14265,14323,19093,13813,15353,19096],"class_list":{"0":"post-98993","1":"product","2":"type-product","3":"status-publish","4":"has-post-thumbnail","6":"product_cat-suvekoogid-alekeskus","7":"product_cat-ale","8":"product_cat-aia-ja-grillmajad","9":"product_cat-hooned-alekeskus","10":"product_cat-kuurid-aidad-kioskid","11":"product_cat-jahindus","12":"product_tag-abihoone","13":"product_tag-tooriistakuur","14":"product_tag-huvimaja","15":"product_tag-garden-house","16":"product_tag-piharakennus","17":"product_tag-tyokaluvaja","18":"product_tag-aiakuur","19":"product_tag-aiakuur-viimistletud","20":"product_tag-pihavaja","21":"product_tag-suvaimmutatud","22":"product_tag-suvaimmutatud-kuur","23":"product_tag-aiamaja","24":"product_tag-pihamokki","25":"product_tag-suvaimmutatud-aiamaja","26":"product_shipping_class-tasuta-transport-kuni-1000kg","27":"pa_garantii-5-aastat","28":"pa_kohaletoimetamine-eestis-tasuta-alekeskus","29":"pa_laoasukoht-tartumaa","30":"pa_pindalam-19092","31":"pa_seinapaksus-28-mm","32":"pa_tellimisaeg-tilausaika-alekeskus","33":"pa_varv-tumepruun","34":"pa_veame-eesti-ja-soome","36":"first","37":"instock","38":"sale","39":"featured","40":"taxable","41":"shipping-taxable","42":"purchasable","43":"product-type-simple"},"yoast_head":"<!-- This site is optimized with the Yoast SEO plugin v27.3 - https:\/\/yoast.com\/product\/yoast-seo-wordpress\/ -->\n<title>Aiamaja Valli 9,0 m\u00b2 s\u00fcvaimmutatud pruun - Alekeskus<\/title>\n<meta name=\"description\" content=\"Aiamaja Valli on s\u00fcvaimmutatud pruuniks.\" \/>\n<meta name=\"robots\" content=\"index, follow, max-snippet:-1, max-image-preview:large, max-video-preview:-1\" \/>\n<link rel=\"canonical\" href=\"https:\/\/alekeskus.eu\/et\/toode\/aiamaja-valli-90m-suvaimmutatud-alekeskus\/\" \/>\n<meta property=\"og:locale\" content=\"et_EE\" \/>\n<meta property=\"og:type\" content=\"article\" \/>\n<meta property=\"og:title\" content=\"Aiamaja Valli 9,0 m\u00b2 s\u00fcvaimmutatud pruun - Alekeskus\" \/>\n<meta property=\"og:description\" content=\"Aiamaja Valli on s\u00fcvaimmutatud pruuniks.\" \/>\n<meta property=\"og:url\" content=\"https:\/\/alekeskus.eu\/et\/toode\/aiamaja-valli-90m-suvaimmutatud-alekeskus\/\" \/>\n<meta property=\"og:site_name\" content=\"Alekeskus\" \/>\n<meta property=\"article:modified_time\" content=\"2026-02-18T12:58:35+00:00\" \/>\n<meta property=\"og:image\" content=\"https:\/\/alekeskus.eu\/wp-content\/uploads\/2026\/02\/Valli_9.0_m2_BNVPI_wb-1024x1024.jpg\" \/>\n\t<meta property=\"og:image:width\" content=\"1024\" \/>\n\t<meta property=\"og:image:height\" content=\"1024\" \/>\n\t<meta property=\"og:image:type\" content=\"image\/jpeg\" \/>\n<meta name=\"twitter:card\" content=\"summary_large_image\" \/>\n<meta name=\"twitter:label1\" content=\"Est. reading time\" \/>\n\t<meta name=\"twitter:data1\" content=\"1 minut\" \/>\n<script type=\"application\/ld+json\" class=\"yoast-schema-graph\">{\"@context\":\"https:\\\/\\\/schema.org\",\"@graph\":[{\"@type\":\"WebPage\",\"@id\":\"https:\\\/\\\/alekeskus.eu\\\/et\\\/toode\\\/aiamaja-valli-90m-suvaimmutatud-alekeskus\\\/\",\"url\":\"https:\\\/\\\/alekeskus.eu\\\/et\\\/toode\\\/aiamaja-valli-90m-suvaimmutatud-alekeskus\\\/\",\"name\":\"Aiamaja Valli 9,0 m\u00b2 s\u00fcvaimmutatud pruun - Alekeskus\",\"isPartOf\":{\"@id\":\"https:\\\/\\\/alekeskus.eu\\\/#website\"},\"primaryImageOfPage\":{\"@id\":\"https:\\\/\\\/alekeskus.eu\\\/et\\\/toode\\\/aiamaja-valli-90m-suvaimmutatud-alekeskus\\\/#primaryimage\"},\"image\":{\"@id\":\"https:\\\/\\\/alekeskus.eu\\\/et\\\/toode\\\/aiamaja-valli-90m-suvaimmutatud-alekeskus\\\/#primaryimage\"},\"thumbnailUrl\":\"https:\\\/\\\/alekeskus.eu\\\/wp-content\\\/uploads\\\/2026\\\/02\\\/Valli_9.0_m2_BNVPI_wb.jpg\",\"datePublished\":\"2026-01-18T08:56:31+00:00\",\"dateModified\":\"2026-02-18T12:58:35+00:00\",\"description\":\"Aiamaja Valli on s\u00fcvaimmutatud pruuniks.\",\"breadcrumb\":{\"@id\":\"https:\\\/\\\/alekeskus.eu\\\/et\\\/toode\\\/aiamaja-valli-90m-suvaimmutatud-alekeskus\\\/#breadcrumb\"},\"inLanguage\":\"et\",\"potentialAction\":[{\"@type\":\"ReadAction\",\"target\":[\"https:\\\/\\\/alekeskus.eu\\\/et\\\/toode\\\/aiamaja-valli-90m-suvaimmutatud-alekeskus\\\/\"]}]},{\"@type\":\"ImageObject\",\"inLanguage\":\"et\",\"@id\":\"https:\\\/\\\/alekeskus.eu\\\/et\\\/toode\\\/aiamaja-valli-90m-suvaimmutatud-alekeskus\\\/#primaryimage\",\"url\":\"https:\\\/\\\/alekeskus.eu\\\/wp-content\\\/uploads\\\/2026\\\/02\\\/Valli_9.0_m2_BNVPI_wb.jpg\",\"contentUrl\":\"https:\\\/\\\/alekeskus.eu\\\/wp-content\\\/uploads\\\/2026\\\/02\\\/Valli_9.0_m2_BNVPI_wb.jpg\",\"width\":2500,\"height\":1875},{\"@type\":\"BreadcrumbList\",\"@id\":\"https:\\\/\\\/alekeskus.eu\\\/et\\\/toode\\\/aiamaja-valli-90m-suvaimmutatud-alekeskus\\\/#breadcrumb\",\"itemListElement\":[{\"@type\":\"ListItem\",\"position\":1,\"name\":\"Avaleht\",\"item\":\"https:\\\/\\\/alekeskus.eu\\\/et\\\/\"},{\"@type\":\"ListItem\",\"position\":2,\"name\":\"Pood\",\"item\":\"https:\\\/\\\/alekeskus.eu\\\/pood\\\/\"},{\"@type\":\"ListItem\",\"position\":3,\"name\":\"Aiamaja Valli 9,0 m\u00b2 s\u00fcvaimmutatud pruun\"}]},{\"@type\":\"WebSite\",\"@id\":\"https:\\\/\\\/alekeskus.eu\\\/#website\",\"url\":\"https:\\\/\\\/alekeskus.eu\\\/\",\"name\":\"Alekeskus\",\"description\":\"Alekeskus.eu\",\"potentialAction\":[{\"@type\":\"SearchAction\",\"target\":{\"@type\":\"EntryPoint\",\"urlTemplate\":\"https:\\\/\\\/alekeskus.eu\\\/?s={search_term_string}\"},\"query-input\":{\"@type\":\"PropertyValueSpecification\",\"valueRequired\":true,\"valueName\":\"search_term_string\"}}],\"inLanguage\":\"et\"}]}<\/script>\n<!-- \/ Yoast SEO plugin. -->","yoast_head_json":{"title":"Aiamaja Valli 9,0 m\u00b2 s\u00fcvaimmutatud pruun - Alekeskus","description":"Aiamaja Valli on s\u00fcvaimmutatud pruuniks.","robots":{"index":"index","follow":"follow","max-snippet":"max-snippet:-1","max-image-preview":"max-image-preview:large","max-video-preview":"max-video-preview:-1"},"canonical":"https:\/\/alekeskus.eu\/et\/toode\/aiamaja-valli-90m-suvaimmutatud-alekeskus\/","og_locale":"et_EE","og_type":"article","og_title":"Aiamaja Valli 9,0 m\u00b2 s\u00fcvaimmutatud pruun - Alekeskus","og_description":"Aiamaja Valli on s\u00fcvaimmutatud pruuniks.","og_url":"https:\/\/alekeskus.eu\/et\/toode\/aiamaja-valli-90m-suvaimmutatud-alekeskus\/","og_site_name":"Alekeskus","article_modified_time":"2026-02-18T12:58:35+00:00","og_image":[{"width":1024,"height":1024,"url":"https:\/\/alekeskus.eu\/wp-content\/uploads\/2026\/02\/Valli_9.0_m2_BNVPI_wb-1024x1024.jpg","type":"image\/jpeg"}],"twitter_card":"summary_large_image","twitter_misc":{"Est. reading time":"1 minut"},"schema":{"@context":"https:\/\/schema.org","@graph":[{"@type":"WebPage","@id":"https:\/\/alekeskus.eu\/et\/toode\/aiamaja-valli-90m-suvaimmutatud-alekeskus\/","url":"https:\/\/alekeskus.eu\/et\/toode\/aiamaja-valli-90m-suvaimmutatud-alekeskus\/","name":"Aiamaja Valli 9,0 m\u00b2 s\u00fcvaimmutatud pruun - Alekeskus","isPartOf":{"@id":"https:\/\/alekeskus.eu\/#website"},"primaryImageOfPage":{"@id":"https:\/\/alekeskus.eu\/et\/toode\/aiamaja-valli-90m-suvaimmutatud-alekeskus\/#primaryimage"},"image":{"@id":"https:\/\/alekeskus.eu\/et\/toode\/aiamaja-valli-90m-suvaimmutatud-alekeskus\/#primaryimage"},"thumbnailUrl":"https:\/\/alekeskus.eu\/wp-content\/uploads\/2026\/02\/Valli_9.0_m2_BNVPI_wb.jpg","datePublished":"2026-01-18T08:56:31+00:00","dateModified":"2026-02-18T12:58:35+00:00","description":"Aiamaja Valli on s\u00fcvaimmutatud pruuniks.","breadcrumb":{"@id":"https:\/\/alekeskus.eu\/et\/toode\/aiamaja-valli-90m-suvaimmutatud-alekeskus\/#breadcrumb"},"inLanguage":"et","potentialAction":[{"@type":"ReadAction","target":["https:\/\/alekeskus.eu\/et\/toode\/aiamaja-valli-90m-suvaimmutatud-alekeskus\/"]}]},{"@type":"ImageObject","inLanguage":"et","@id":"https:\/\/alekeskus.eu\/et\/toode\/aiamaja-valli-90m-suvaimmutatud-alekeskus\/#primaryimage","url":"https:\/\/alekeskus.eu\/wp-content\/uploads\/2026\/02\/Valli_9.0_m2_BNVPI_wb.jpg","contentUrl":"https:\/\/alekeskus.eu\/wp-content\/uploads\/2026\/02\/Valli_9.0_m2_BNVPI_wb.jpg","width":2500,"height":1875},{"@type":"BreadcrumbList","@id":"https:\/\/alekeskus.eu\/et\/toode\/aiamaja-valli-90m-suvaimmutatud-alekeskus\/#breadcrumb","itemListElement":[{"@type":"ListItem","position":1,"name":"Avaleht","item":"https:\/\/alekeskus.eu\/et\/"},{"@type":"ListItem","position":2,"name":"Pood","item":"https:\/\/alekeskus.eu\/pood\/"},{"@type":"ListItem","position":3,"name":"Aiamaja Valli 9,0 m\u00b2 s\u00fcvaimmutatud pruun"}]},{"@type":"WebSite","@id":"https:\/\/alekeskus.eu\/#website","url":"https:\/\/alekeskus.eu\/","name":"Alekeskus","description":"Alekeskus.eu","potentialAction":[{"@type":"SearchAction","target":{"@type":"EntryPoint","urlTemplate":"https:\/\/alekeskus.eu\/?s={search_term_string}"},"query-input":{"@type":"PropertyValueSpecification","valueRequired":true,"valueName":"search_term_string"}}],"inLanguage":"et"}]}},"brands":[],"_links":{"self":[{"href":"https:\/\/alekeskus.eu\/et\/wp-json\/wp\/v2\/product\/98993","targetHints":{"allow":["GET"]}}],"collection":[{"href":"https:\/\/alekeskus.eu\/et\/wp-json\/wp\/v2\/product"}],"about":[{"href":"https:\/\/alekeskus.eu\/et\/wp-json\/wp\/v2\/types\/product"}],"wp:featuredmedia":[{"embeddable":true,"href":"https:\/\/alekeskus.eu\/et\/wp-json\/wp\/v2\/media\/99006"}],"wp:attachment":[{"href":"https:\/\/alekeskus.eu\/et\/wp-json\/wp\/v2\/media?parent=98993"}],"wp:term":[{"taxonomy":"pwb-brand","embeddable":true,"href":"https:\/\/alekeskus.eu\/et\/wp-json\/wp\/v2\/pwb-brand?post=98993"},{"taxonomy":"product_brand","embeddable":true,"href":"https:\/\/alekeskus.eu\/et\/wp-json\/wp\/v2\/product_brand?post=98993"},{"taxonomy":"product_cat","embeddable":true,"href":"https:\/\/alekeskus.eu\/et\/wp-json\/wp\/v2\/product_cat?post=98993"},{"taxonomy":"product_tag","embeddable":true,"href":"https:\/\/alekeskus.eu\/et\/wp-json\/wp\/v2\/product_tag?post=98993"}],"curies":[{"name":"wp","href":"https:\/\/api.w.org\/{rel}","templated":true}]}}