{"id":99017,"date":"2026-01-18T17:12:16","date_gmt":"2026-01-18T17:12:16","guid":{"rendered":"https:\/\/alekeskus.eu\/?post_type=product&#038;p=99017"},"modified":"2026-03-15T18:37:52","modified_gmt":"2026-03-15T18:37:52","slug":"ranamaja-linhurst-153-terrass55-alekeskus","status":"publish","type":"product","link":"https:\/\/alekeskus.eu\/et\/toode\/ranamaja-linhurst-153-terrass55-alekeskus\/","title":{"rendered":"Rannamaja Linhurst 15,3+ terrass 5,5 m\u00b2 , voldikuks, 70 mm freespalk"},"content":{"rendered":"","protected":false},"excerpt":{"rendered":"<p>V\u00e4lism\u00f5\u00f5dud: <strong>5,5<\/strong><b>\u00a0x 3 m + terrass 5,5 x 1 m<\/b><\/p>\n<ul>\n<li>tuuletapiga <strong>freespalk 70 mm, <\/strong>keermelatt-tormikinnitused<\/li>\n<li>harja k\u00f5rgus 245 cm<strong>, <\/strong>seina k\u00f5rgus 197 cm<\/li>\n<li>punniga p\u00f5randalauad 18 mm, immutatud terrassilauad 19 mm ja immutatud alustalad 45 x 70 mm<\/li>\n<li>liimpuidust postid 4 tk 120 x 120 mm koos teraskingadega<\/li>\n<li>pakettklaasiga voldikuks 410 x 200 cm<\/li>\n<li>\n<div class=\"product-spec\">\n<div class=\"spec-detail\">\n<div class=\"spec-singular\">katuse pindala 29 <span class=\"super-position\">m<sup>2 <\/sup><\/span>ja katusekalle 14\u00b0<\/div>\n<\/div>\n<\/div>\n<\/li>\n<li>\n<div class=\"spec-name\">punniga katuselauad 18 x 90 mm, katusetalad 70 x 140 mm<\/div>\n<\/li>\n<li>\n<div class=\"spec-name\">katusekate ei sisaldu hinnas(tarve 11 pakki bituumensindlit v\u00f5i 5 rulli SBS-bituumenkatet)<\/div>\n<\/li>\n<li>r\u00e4\u00e4stad taga ja k\u00f5rval 30 cm<\/li>\n<li>\n<div class=\"spec-name\">kinnitusvahendid ja koostejuhend<\/div>\n<\/li>\n<li>tehase garantii 5 aastat<\/li>\n<li>Eesti toode<\/li>\n<li>ilmastikukindel pakend<\/li>\n<li>tellimisaeg 1,5-3 kuud<\/li>\n<\/ul>\n<p>Vedu mandril 180\u20ac v\u00f5i mahat\u00f5stega 350\u20ac(suursaartele vedu 280\u20ac ja t\u00f5stega vedu 590\u20ac).<\/p>\n<p>K\u00fcsi ka paigaldust!<\/p>\n","protected":false},"featured_media":99025,"template":"","meta":{"_monsterinsights_skip_tracking":false,"_monsterinsights_sitenote_active":false,"_monsterinsights_sitenote_note":"","_monsterinsights_sitenote_category":0},"pwb-brand":[],"product_brand":[],"product_cat":[17182,13592,13540,13596,13604,13608,13610],"product_tag":[14264,17869,14265,14277,14310,13813,15264,15276,13864,15543,14224,14252,14253],"class_list":{"0":"post-99017","1":"product","2":"type-product","3":"status-publish","4":"has-post-thumbnail","6":"product_cat-suvekoogid-alekeskus","7":"product_cat-aia-ja-grillmajad","8":"product_cat-hooned-alekeskus","9":"product_cat-varjualused-talveaiad-alekeskus","10":"product_cat-saunad","11":"product_cat-kontorid","12":"product_cat-suvilad","13":"product_tag-aiakuur","14":"product_tag-rannasaun","15":"product_tag-pihavaja","16":"product_tag-freespalk","17":"product_tag-kodukontor","18":"product_tag-aiamaja","19":"product_tag-grillikatos","20":"product_tag-pihatoimisto","21":"product_tag-huvimaja","22":"product_tag-pihakatos","23":"product_tag-varjualune","24":"product_tag-suvemaja","25":"product_tag-rannamaja","26":"product_shipping_class-alates-1000kg","27":"pa_garantii-2-aastat","28":"pa_kohaletoimetamine-alates-180e","29":"pa_laoasukoht-tartumaa","30":"pa_pindalam-18023","31":"pa_seinapaksus-70-mm","32":"pa_tellimisaeg-2-3-kuud","33":"pa_varv-viimistlemata","34":"pa_veame-eesti-ja-soome","36":"first","37":"onbackorder","38":"taxable","39":"shipping-taxable","40":"purchasable","41":"product-type-simple"},"yoast_head":"<!-- This site is optimized with the Yoast SEO plugin v27.3 - https:\/\/yoast.com\/product\/yoast-seo-wordpress\/ -->\n<title>Rannamaja Linhurst 15,3+ terrass 5,5 m\u00b2 , voldikuks, 70 mm freespalk - Alekeskus<\/title>\n<meta name=\"description\" content=\"Rannamaja Linhurst on tehtud 70 mm freespalgist ja on suure voldikuksega.\" \/>\n<meta name=\"robots\" content=\"index, follow, max-snippet:-1, max-image-preview:large, max-video-preview:-1\" \/>\n<link rel=\"canonical\" href=\"https:\/\/alekeskus.eu\/et\/toode\/ranamaja-linhurst-153-terrass55-alekeskus\/\" \/>\n<meta property=\"og:locale\" content=\"et_EE\" \/>\n<meta property=\"og:type\" content=\"article\" \/>\n<meta property=\"og:title\" content=\"Rannamaja Linhurst 15,3+ terrass 5,5 m\u00b2 , voldikuks, 70 mm freespalk - Alekeskus\" \/>\n<meta property=\"og:description\" content=\"Rannamaja Linhurst on tehtud 70 mm freespalgist ja on suure voldikuksega.\" \/>\n<meta property=\"og:url\" content=\"https:\/\/alekeskus.eu\/et\/toode\/ranamaja-linhurst-153-terrass55-alekeskus\/\" \/>\n<meta property=\"og:site_name\" content=\"Alekeskus\" \/>\n<meta property=\"article:modified_time\" content=\"2026-03-15T18:37:52+00:00\" \/>\n<meta property=\"og:image\" content=\"https:\/\/alekeskus.eu\/wp-content\/uploads\/2026\/02\/Lyndhurst-kaldal-scaled.jpg\" \/>\n\t<meta property=\"og:image:width\" content=\"2560\" \/>\n\t<meta property=\"og:image:height\" content=\"1707\" \/>\n\t<meta property=\"og:image:type\" content=\"image\/jpeg\" \/>\n<meta name=\"twitter:card\" content=\"summary_large_image\" \/>\n<meta name=\"twitter:label1\" content=\"Est. reading time\" \/>\n\t<meta name=\"twitter:data1\" content=\"1 minut\" \/>\n<script type=\"application\/ld+json\" class=\"yoast-schema-graph\">{\"@context\":\"https:\\\/\\\/schema.org\",\"@graph\":[{\"@type\":\"WebPage\",\"@id\":\"https:\\\/\\\/alekeskus.eu\\\/et\\\/toode\\\/ranamaja-linhurst-153-terrass55-alekeskus\\\/\",\"url\":\"https:\\\/\\\/alekeskus.eu\\\/et\\\/toode\\\/ranamaja-linhurst-153-terrass55-alekeskus\\\/\",\"name\":\"Rannamaja Linhurst 15,3+ terrass 5,5 m\u00b2 , voldikuks, 70 mm freespalk - Alekeskus\",\"isPartOf\":{\"@id\":\"https:\\\/\\\/alekeskus.eu\\\/#website\"},\"primaryImageOfPage\":{\"@id\":\"https:\\\/\\\/alekeskus.eu\\\/et\\\/toode\\\/ranamaja-linhurst-153-terrass55-alekeskus\\\/#primaryimage\"},\"image\":{\"@id\":\"https:\\\/\\\/alekeskus.eu\\\/et\\\/toode\\\/ranamaja-linhurst-153-terrass55-alekeskus\\\/#primaryimage\"},\"thumbnailUrl\":\"https:\\\/\\\/alekeskus.eu\\\/wp-content\\\/uploads\\\/2026\\\/02\\\/Lyndhurst-kaldal-scaled.jpg\",\"datePublished\":\"2026-01-18T17:12:16+00:00\",\"dateModified\":\"2026-03-15T18:37:52+00:00\",\"description\":\"Rannamaja Linhurst on tehtud 70 mm freespalgist ja on suure voldikuksega.\",\"breadcrumb\":{\"@id\":\"https:\\\/\\\/alekeskus.eu\\\/et\\\/toode\\\/ranamaja-linhurst-153-terrass55-alekeskus\\\/#breadcrumb\"},\"inLanguage\":\"et\",\"potentialAction\":[{\"@type\":\"ReadAction\",\"target\":[\"https:\\\/\\\/alekeskus.eu\\\/et\\\/toode\\\/ranamaja-linhurst-153-terrass55-alekeskus\\\/\"]}]},{\"@type\":\"ImageObject\",\"inLanguage\":\"et\",\"@id\":\"https:\\\/\\\/alekeskus.eu\\\/et\\\/toode\\\/ranamaja-linhurst-153-terrass55-alekeskus\\\/#primaryimage\",\"url\":\"https:\\\/\\\/alekeskus.eu\\\/wp-content\\\/uploads\\\/2026\\\/02\\\/Lyndhurst-kaldal-scaled.jpg\",\"contentUrl\":\"https:\\\/\\\/alekeskus.eu\\\/wp-content\\\/uploads\\\/2026\\\/02\\\/Lyndhurst-kaldal-scaled.jpg\",\"width\":2560,\"height\":1707},{\"@type\":\"BreadcrumbList\",\"@id\":\"https:\\\/\\\/alekeskus.eu\\\/et\\\/toode\\\/ranamaja-linhurst-153-terrass55-alekeskus\\\/#breadcrumb\",\"itemListElement\":[{\"@type\":\"ListItem\",\"position\":1,\"name\":\"Avaleht\",\"item\":\"https:\\\/\\\/alekeskus.eu\\\/et\\\/\"},{\"@type\":\"ListItem\",\"position\":2,\"name\":\"Pood\",\"item\":\"https:\\\/\\\/alekeskus.eu\\\/pood\\\/\"},{\"@type\":\"ListItem\",\"position\":3,\"name\":\"Rannamaja Linhurst 15,3+ terrass 5,5 m\u00b2 , voldikuks, 70 mm freespalk\"}]},{\"@type\":\"WebSite\",\"@id\":\"https:\\\/\\\/alekeskus.eu\\\/#website\",\"url\":\"https:\\\/\\\/alekeskus.eu\\\/\",\"name\":\"Alekeskus\",\"description\":\"Alekeskus.eu\",\"potentialAction\":[{\"@type\":\"SearchAction\",\"target\":{\"@type\":\"EntryPoint\",\"urlTemplate\":\"https:\\\/\\\/alekeskus.eu\\\/?s={search_term_string}\"},\"query-input\":{\"@type\":\"PropertyValueSpecification\",\"valueRequired\":true,\"valueName\":\"search_term_string\"}}],\"inLanguage\":\"et\"}]}<\/script>\n<!-- \/ Yoast SEO plugin. -->","yoast_head_json":{"title":"Rannamaja Linhurst 15,3+ terrass 5,5 m\u00b2 , voldikuks, 70 mm freespalk - Alekeskus","description":"Rannamaja Linhurst on tehtud 70 mm freespalgist ja on suure voldikuksega.","robots":{"index":"index","follow":"follow","max-snippet":"max-snippet:-1","max-image-preview":"max-image-preview:large","max-video-preview":"max-video-preview:-1"},"canonical":"https:\/\/alekeskus.eu\/et\/toode\/ranamaja-linhurst-153-terrass55-alekeskus\/","og_locale":"et_EE","og_type":"article","og_title":"Rannamaja Linhurst 15,3+ terrass 5,5 m\u00b2 , voldikuks, 70 mm freespalk - Alekeskus","og_description":"Rannamaja Linhurst on tehtud 70 mm freespalgist ja on suure voldikuksega.","og_url":"https:\/\/alekeskus.eu\/et\/toode\/ranamaja-linhurst-153-terrass55-alekeskus\/","og_site_name":"Alekeskus","article_modified_time":"2026-03-15T18:37:52+00:00","og_image":[{"width":2560,"height":1707,"url":"https:\/\/alekeskus.eu\/wp-content\/uploads\/2026\/02\/Lyndhurst-kaldal-scaled.jpg","type":"image\/jpeg"}],"twitter_card":"summary_large_image","twitter_misc":{"Est. reading time":"1 minut"},"schema":{"@context":"https:\/\/schema.org","@graph":[{"@type":"WebPage","@id":"https:\/\/alekeskus.eu\/et\/toode\/ranamaja-linhurst-153-terrass55-alekeskus\/","url":"https:\/\/alekeskus.eu\/et\/toode\/ranamaja-linhurst-153-terrass55-alekeskus\/","name":"Rannamaja Linhurst 15,3+ terrass 5,5 m\u00b2 , voldikuks, 70 mm freespalk - Alekeskus","isPartOf":{"@id":"https:\/\/alekeskus.eu\/#website"},"primaryImageOfPage":{"@id":"https:\/\/alekeskus.eu\/et\/toode\/ranamaja-linhurst-153-terrass55-alekeskus\/#primaryimage"},"image":{"@id":"https:\/\/alekeskus.eu\/et\/toode\/ranamaja-linhurst-153-terrass55-alekeskus\/#primaryimage"},"thumbnailUrl":"https:\/\/alekeskus.eu\/wp-content\/uploads\/2026\/02\/Lyndhurst-kaldal-scaled.jpg","datePublished":"2026-01-18T17:12:16+00:00","dateModified":"2026-03-15T18:37:52+00:00","description":"Rannamaja Linhurst on tehtud 70 mm freespalgist ja on suure voldikuksega.","breadcrumb":{"@id":"https:\/\/alekeskus.eu\/et\/toode\/ranamaja-linhurst-153-terrass55-alekeskus\/#breadcrumb"},"inLanguage":"et","potentialAction":[{"@type":"ReadAction","target":["https:\/\/alekeskus.eu\/et\/toode\/ranamaja-linhurst-153-terrass55-alekeskus\/"]}]},{"@type":"ImageObject","inLanguage":"et","@id":"https:\/\/alekeskus.eu\/et\/toode\/ranamaja-linhurst-153-terrass55-alekeskus\/#primaryimage","url":"https:\/\/alekeskus.eu\/wp-content\/uploads\/2026\/02\/Lyndhurst-kaldal-scaled.jpg","contentUrl":"https:\/\/alekeskus.eu\/wp-content\/uploads\/2026\/02\/Lyndhurst-kaldal-scaled.jpg","width":2560,"height":1707},{"@type":"BreadcrumbList","@id":"https:\/\/alekeskus.eu\/et\/toode\/ranamaja-linhurst-153-terrass55-alekeskus\/#breadcrumb","itemListElement":[{"@type":"ListItem","position":1,"name":"Avaleht","item":"https:\/\/alekeskus.eu\/et\/"},{"@type":"ListItem","position":2,"name":"Pood","item":"https:\/\/alekeskus.eu\/pood\/"},{"@type":"ListItem","position":3,"name":"Rannamaja Linhurst 15,3+ terrass 5,5 m\u00b2 , voldikuks, 70 mm freespalk"}]},{"@type":"WebSite","@id":"https:\/\/alekeskus.eu\/#website","url":"https:\/\/alekeskus.eu\/","name":"Alekeskus","description":"Alekeskus.eu","potentialAction":[{"@type":"SearchAction","target":{"@type":"EntryPoint","urlTemplate":"https:\/\/alekeskus.eu\/?s={search_term_string}"},"query-input":{"@type":"PropertyValueSpecification","valueRequired":true,"valueName":"search_term_string"}}],"inLanguage":"et"}]}},"brands":[],"_links":{"self":[{"href":"https:\/\/alekeskus.eu\/et\/wp-json\/wp\/v2\/product\/99017","targetHints":{"allow":["GET"]}}],"collection":[{"href":"https:\/\/alekeskus.eu\/et\/wp-json\/wp\/v2\/product"}],"about":[{"href":"https:\/\/alekeskus.eu\/et\/wp-json\/wp\/v2\/types\/product"}],"wp:featuredmedia":[{"embeddable":true,"href":"https:\/\/alekeskus.eu\/et\/wp-json\/wp\/v2\/media\/99025"}],"wp:attachment":[{"href":"https:\/\/alekeskus.eu\/et\/wp-json\/wp\/v2\/media?parent=99017"}],"wp:term":[{"taxonomy":"pwb-brand","embeddable":true,"href":"https:\/\/alekeskus.eu\/et\/wp-json\/wp\/v2\/pwb-brand?post=99017"},{"taxonomy":"product_brand","embeddable":true,"href":"https:\/\/alekeskus.eu\/et\/wp-json\/wp\/v2\/product_brand?post=99017"},{"taxonomy":"product_cat","embeddable":true,"href":"https:\/\/alekeskus.eu\/et\/wp-json\/wp\/v2\/product_cat?post=99017"},{"taxonomy":"product_tag","embeddable":true,"href":"https:\/\/alekeskus.eu\/et\/wp-json\/wp\/v2\/product_tag?post=99017"}],"curies":[{"name":"wp","href":"https:\/\/api.w.org\/{rel}","templated":true}]}}