{"id":99150,"date":"2026-02-20T07:06:50","date_gmt":"2026-02-20T07:06:50","guid":{"rendered":"https:\/\/alekeskus.eu\/?post_type=product&#038;p=99150"},"modified":"2026-02-20T18:16:31","modified_gmt":"2026-02-20T18:16:31","slug":"saunamaja-bryton-185-alekeskus","status":"publish","type":"product","link":"https:\/\/alekeskus.eu\/et\/toode\/saunamaja-bryton-185-alekeskus\/","title":{"rendered":"Saunamaja Bryton 18,5 m\u00b2 UUDIS !"},"content":{"rendered":"<p>V\u00c4RVIMISE TEENUSE KIRJELDUS:<\/p>\n<p>Sein v\u00e4rvitakse 3-st k\u00fcljest, ka punnsooned. 4 standardv\u00e4rvi: rootsi punane, s\u00fcsihall, helehall, roheline. Sisepind j\u00e4\u00e4b naturaalseks. Maja nurgad on v\u00e4rvitud igast k\u00fcljest. V\u00e4rvi kantakse detailidele 2 kihti. \u27a2 P\u00f5randa- ja laelauad ning p\u00e4rlinid j\u00e4\u00e4vad v\u00e4rvimata. \u27a2 Aknad ja uksed v\u00e4rvitakse valgeks igast k\u00fcljest. \u27a2 K\u00f5ik v\u00e4lised liistud (viilulauad ja liistud) v\u00e4rvitakse valgeks. \u27a2 Kvaliteetne v\u00e4rv tuntud Saksa tootjalt OSMO<\/p>\n<p>Tellimisaeg pikem viimistlemata tootest.<\/p>\n","protected":false},"excerpt":{"rendered":"<p>Suure leiliruumi ja puhketoaga ning v\u00e4ikese verandaga saunamaja Bryton.<\/p>\n<p>V\u00e4lism\u00f5\u00f5dud: <strong>520<\/strong><b> x 370 cm. <\/b>Harja k\u00f5rgus<strong> 251 cm <\/strong>ja seina k\u00f5rgus <strong>211 cm.\u00a0<\/strong><\/p>\n<ul>\n<li>tuuletapiga freespalk <strong>44 mm<\/strong> tormitugevdustega (tellitav ka 70 mm seinaga, k\u00fcsi hinda)<\/li>\n<li>punnitud p\u00f5randa- ja katuselauad 18 x 90 mm; s\u00fcvaimmutatud alusraam-p\u00f5randatalad 45 x 45 mm ja terrassilauad 19 x 90 mm<\/li>\n<li>silinderlukuga pakettklaasiga v\u00e4lisuks, klaasist leiliruumi uks<\/li>\n<li>saunalava, leiliruumi laelauad ja laesoojustus Finnfoam 30 mm (keris ei sisaldu hinnas)<\/li>\n<li>p\u00f6\u00f6rdkald-avanev pakettaken 56 x 178 cm ja 2 kinnist akent 101 x 178 cm alumiiniumist tilganinadega<\/li>\n<li>\n<div class=\"spec-name\">r\u00e4\u00e4stas 30 cm, katuse kalle 12\u00b0, katuse pindala 26 m<sup>2<\/sup>, laetalad 44 x 140 mm<\/div>\n<\/li>\n<li>tellitav v\u00e4ljast v\u00e4rvituna(hele-ja tumehall, rootsi punane, roheline), liistud seest ja v\u00e4ljast +1500\u20ac (loe alt kirjeldust), tellimisaeg pikem u 1 kuu v\u00f5rra.<\/li>\n<li>katusekate lisahinnaga (tarve SBS-bituumenkate 3 rulli v\u00f5i bituumensindel 11 pakki)<\/li>\n<li>kinnitusvahendid, koostejuhend<\/li>\n<li>tehase garantii 5 aastat<\/li>\n<li>ilmastikukindel pakend<\/li>\n<li>Eesti toode<\/li>\n<\/ul>\n<p>Vedu mandril tellijapoolse mahalaadimisega 180\u20ac v\u00f5i kraana-autoga 350\u20ac(suursaartele vastavalt 280\u20ac ja 590\u20ac).<\/p>\n<p>K\u00fcsi ka paigaldust!<\/p>\n","protected":false},"featured_media":99194,"template":"","meta":{"_monsterinsights_skip_tracking":false,"_monsterinsights_sitenote_active":false,"_monsterinsights_sitenote_note":"","_monsterinsights_sitenote_category":0},"pwb-brand":[18577],"product_brand":[],"product_cat":[13592,13538,13540,13604,13608,13610],"product_tag":[17168,13813,13816,17178,17388,14252,14253,17973,14277,18033,15272,18188],"class_list":{"0":"post-99150","1":"product","2":"type-product","3":"status-publish","4":"has-post-thumbnail","6":"pwb-brand-eesti","7":"product_cat-aia-ja-grillmajad","8":"product_cat-ale","9":"product_cat-hooned-alekeskus","10":"product_cat-saunad","11":"product_cat-kontorid","12":"product_cat-suvilad","13":"product_tag-aiastuudio","14":"product_tag-aiamaja","15":"product_tag-peomaja","16":"product_tag-brighton","17":"product_tag-saunamaja","18":"product_tag-suvemaja","19":"product_tag-rannamaja","20":"product_tag-aiasaun","21":"product_tag-freespalk","22":"product_tag-rantamokki-2","23":"product_tag-palksaun","24":"product_tag-freespalksaun","25":"product_shipping_class-alates-1000kg","26":"pa_garantii-5-aastat","27":"pa_kohaletoimetamine-alates-180e","28":"pa_laoasukoht-tartumaa","29":"pa_pindalam-17177","30":"pa_seinapaksus-17405","31":"pa_varv-roheline","32":"pa_varv-punane","33":"pa_varv-viimistlemata","34":"pa_varv-tumehall","35":"pa_varv-helehall","36":"pa_veame-eesti-ja-soome","38":"first","39":"instock","40":"featured","41":"taxable","42":"shipping-taxable","43":"purchasable","44":"product-type-variable","45":"has-default-attributes"},"yoast_head":"<!-- This site is optimized with the Yoast SEO plugin v27.3 - https:\/\/yoast.com\/product\/yoast-seo-wordpress\/ -->\n<title>Saunamaja Bryton 18,5 m\u00b2 UUDIS ! - Alekeskus<\/title>\n<meta name=\"description\" content=\"Suure leiliruumiga ja verandaga saunamaja.\" \/>\n<meta name=\"robots\" content=\"index, follow, max-snippet:-1, max-image-preview:large, max-video-preview:-1\" \/>\n<link rel=\"canonical\" href=\"https:\/\/alekeskus.eu\/et\/toode\/saunamaja-bryton-185-alekeskus\/\" \/>\n<meta property=\"og:locale\" content=\"et_EE\" \/>\n<meta property=\"og:type\" content=\"article\" \/>\n<meta property=\"og:title\" content=\"Saunamaja Bryton 18,5 m\u00b2 UUDIS ! - Alekeskus\" \/>\n<meta property=\"og:description\" content=\"Suure leiliruumiga ja verandaga saunamaja.\" \/>\n<meta property=\"og:url\" content=\"https:\/\/alekeskus.eu\/et\/toode\/saunamaja-bryton-185-alekeskus\/\" \/>\n<meta property=\"og:site_name\" content=\"Alekeskus\" \/>\n<meta property=\"article:modified_time\" content=\"2026-02-20T18:16:31+00:00\" \/>\n<meta property=\"og:image\" content=\"https:\/\/alekeskus.eu\/wp-content\/uploads\/2026\/02\/Bryton-Sauna_th-aias-scaled.jpg\" \/>\n\t<meta property=\"og:image:width\" content=\"2560\" \/>\n\t<meta property=\"og:image:height\" content=\"1707\" \/>\n\t<meta property=\"og:image:type\" content=\"image\/jpeg\" \/>\n<meta name=\"twitter:card\" content=\"summary_large_image\" \/>\n<meta name=\"twitter:label1\" content=\"Est. reading time\" \/>\n\t<meta name=\"twitter:data1\" content=\"1 minut\" \/>\n<script type=\"application\/ld+json\" class=\"yoast-schema-graph\">{\"@context\":\"https:\\\/\\\/schema.org\",\"@graph\":[{\"@type\":\"WebPage\",\"@id\":\"https:\\\/\\\/alekeskus.eu\\\/et\\\/toode\\\/saunamaja-bryton-185-alekeskus\\\/\",\"url\":\"https:\\\/\\\/alekeskus.eu\\\/et\\\/toode\\\/saunamaja-bryton-185-alekeskus\\\/\",\"name\":\"Saunamaja Bryton 18,5 m\u00b2 UUDIS ! - Alekeskus\",\"isPartOf\":{\"@id\":\"https:\\\/\\\/alekeskus.eu\\\/#website\"},\"primaryImageOfPage\":{\"@id\":\"https:\\\/\\\/alekeskus.eu\\\/et\\\/toode\\\/saunamaja-bryton-185-alekeskus\\\/#primaryimage\"},\"image\":{\"@id\":\"https:\\\/\\\/alekeskus.eu\\\/et\\\/toode\\\/saunamaja-bryton-185-alekeskus\\\/#primaryimage\"},\"thumbnailUrl\":\"https:\\\/\\\/alekeskus.eu\\\/wp-content\\\/uploads\\\/2026\\\/02\\\/Bryton-Sauna_th-aias-scaled.jpg\",\"datePublished\":\"2026-02-20T07:06:50+00:00\",\"dateModified\":\"2026-02-20T18:16:31+00:00\",\"description\":\"Suure leiliruumiga ja verandaga saunamaja.\",\"breadcrumb\":{\"@id\":\"https:\\\/\\\/alekeskus.eu\\\/et\\\/toode\\\/saunamaja-bryton-185-alekeskus\\\/#breadcrumb\"},\"inLanguage\":\"et\",\"potentialAction\":[{\"@type\":\"ReadAction\",\"target\":[\"https:\\\/\\\/alekeskus.eu\\\/et\\\/toode\\\/saunamaja-bryton-185-alekeskus\\\/\"]}]},{\"@type\":\"ImageObject\",\"inLanguage\":\"et\",\"@id\":\"https:\\\/\\\/alekeskus.eu\\\/et\\\/toode\\\/saunamaja-bryton-185-alekeskus\\\/#primaryimage\",\"url\":\"https:\\\/\\\/alekeskus.eu\\\/wp-content\\\/uploads\\\/2026\\\/02\\\/Bryton-Sauna_th-aias-scaled.jpg\",\"contentUrl\":\"https:\\\/\\\/alekeskus.eu\\\/wp-content\\\/uploads\\\/2026\\\/02\\\/Bryton-Sauna_th-aias-scaled.jpg\",\"width\":2560,\"height\":1707},{\"@type\":\"BreadcrumbList\",\"@id\":\"https:\\\/\\\/alekeskus.eu\\\/et\\\/toode\\\/saunamaja-bryton-185-alekeskus\\\/#breadcrumb\",\"itemListElement\":[{\"@type\":\"ListItem\",\"position\":1,\"name\":\"Avaleht\",\"item\":\"https:\\\/\\\/alekeskus.eu\\\/et\\\/\"},{\"@type\":\"ListItem\",\"position\":2,\"name\":\"Pood\",\"item\":\"https:\\\/\\\/alekeskus.eu\\\/pood\\\/\"},{\"@type\":\"ListItem\",\"position\":3,\"name\":\"Saunamaja Bryton 18,5 m\u00b2 UUDIS !\"}]},{\"@type\":\"WebSite\",\"@id\":\"https:\\\/\\\/alekeskus.eu\\\/#website\",\"url\":\"https:\\\/\\\/alekeskus.eu\\\/\",\"name\":\"Alekeskus\",\"description\":\"Alekeskus.eu\",\"potentialAction\":[{\"@type\":\"SearchAction\",\"target\":{\"@type\":\"EntryPoint\",\"urlTemplate\":\"https:\\\/\\\/alekeskus.eu\\\/?s={search_term_string}\"},\"query-input\":{\"@type\":\"PropertyValueSpecification\",\"valueRequired\":true,\"valueName\":\"search_term_string\"}}],\"inLanguage\":\"et\"}]}<\/script>\n<!-- \/ Yoast SEO plugin. -->","yoast_head_json":{"title":"Saunamaja Bryton 18,5 m\u00b2 UUDIS ! - Alekeskus","description":"Suure leiliruumiga ja verandaga saunamaja.","robots":{"index":"index","follow":"follow","max-snippet":"max-snippet:-1","max-image-preview":"max-image-preview:large","max-video-preview":"max-video-preview:-1"},"canonical":"https:\/\/alekeskus.eu\/et\/toode\/saunamaja-bryton-185-alekeskus\/","og_locale":"et_EE","og_type":"article","og_title":"Saunamaja Bryton 18,5 m\u00b2 UUDIS ! - Alekeskus","og_description":"Suure leiliruumiga ja verandaga saunamaja.","og_url":"https:\/\/alekeskus.eu\/et\/toode\/saunamaja-bryton-185-alekeskus\/","og_site_name":"Alekeskus","article_modified_time":"2026-02-20T18:16:31+00:00","og_image":[{"width":2560,"height":1707,"url":"https:\/\/alekeskus.eu\/wp-content\/uploads\/2026\/02\/Bryton-Sauna_th-aias-scaled.jpg","type":"image\/jpeg"}],"twitter_card":"summary_large_image","twitter_misc":{"Est. reading time":"1 minut"},"schema":{"@context":"https:\/\/schema.org","@graph":[{"@type":"WebPage","@id":"https:\/\/alekeskus.eu\/et\/toode\/saunamaja-bryton-185-alekeskus\/","url":"https:\/\/alekeskus.eu\/et\/toode\/saunamaja-bryton-185-alekeskus\/","name":"Saunamaja Bryton 18,5 m\u00b2 UUDIS ! - Alekeskus","isPartOf":{"@id":"https:\/\/alekeskus.eu\/#website"},"primaryImageOfPage":{"@id":"https:\/\/alekeskus.eu\/et\/toode\/saunamaja-bryton-185-alekeskus\/#primaryimage"},"image":{"@id":"https:\/\/alekeskus.eu\/et\/toode\/saunamaja-bryton-185-alekeskus\/#primaryimage"},"thumbnailUrl":"https:\/\/alekeskus.eu\/wp-content\/uploads\/2026\/02\/Bryton-Sauna_th-aias-scaled.jpg","datePublished":"2026-02-20T07:06:50+00:00","dateModified":"2026-02-20T18:16:31+00:00","description":"Suure leiliruumiga ja verandaga saunamaja.","breadcrumb":{"@id":"https:\/\/alekeskus.eu\/et\/toode\/saunamaja-bryton-185-alekeskus\/#breadcrumb"},"inLanguage":"et","potentialAction":[{"@type":"ReadAction","target":["https:\/\/alekeskus.eu\/et\/toode\/saunamaja-bryton-185-alekeskus\/"]}]},{"@type":"ImageObject","inLanguage":"et","@id":"https:\/\/alekeskus.eu\/et\/toode\/saunamaja-bryton-185-alekeskus\/#primaryimage","url":"https:\/\/alekeskus.eu\/wp-content\/uploads\/2026\/02\/Bryton-Sauna_th-aias-scaled.jpg","contentUrl":"https:\/\/alekeskus.eu\/wp-content\/uploads\/2026\/02\/Bryton-Sauna_th-aias-scaled.jpg","width":2560,"height":1707},{"@type":"BreadcrumbList","@id":"https:\/\/alekeskus.eu\/et\/toode\/saunamaja-bryton-185-alekeskus\/#breadcrumb","itemListElement":[{"@type":"ListItem","position":1,"name":"Avaleht","item":"https:\/\/alekeskus.eu\/et\/"},{"@type":"ListItem","position":2,"name":"Pood","item":"https:\/\/alekeskus.eu\/pood\/"},{"@type":"ListItem","position":3,"name":"Saunamaja Bryton 18,5 m\u00b2 UUDIS !"}]},{"@type":"WebSite","@id":"https:\/\/alekeskus.eu\/#website","url":"https:\/\/alekeskus.eu\/","name":"Alekeskus","description":"Alekeskus.eu","potentialAction":[{"@type":"SearchAction","target":{"@type":"EntryPoint","urlTemplate":"https:\/\/alekeskus.eu\/?s={search_term_string}"},"query-input":{"@type":"PropertyValueSpecification","valueRequired":true,"valueName":"search_term_string"}}],"inLanguage":"et"}]}},"brands":[{"id":18577,"name":"Eesti","slug":"eesti"}],"_links":{"self":[{"href":"https:\/\/alekeskus.eu\/et\/wp-json\/wp\/v2\/product\/99150","targetHints":{"allow":["GET"]}}],"collection":[{"href":"https:\/\/alekeskus.eu\/et\/wp-json\/wp\/v2\/product"}],"about":[{"href":"https:\/\/alekeskus.eu\/et\/wp-json\/wp\/v2\/types\/product"}],"wp:featuredmedia":[{"embeddable":true,"href":"https:\/\/alekeskus.eu\/et\/wp-json\/wp\/v2\/media\/99194"}],"wp:attachment":[{"href":"https:\/\/alekeskus.eu\/et\/wp-json\/wp\/v2\/media?parent=99150"}],"wp:term":[{"taxonomy":"pwb-brand","embeddable":true,"href":"https:\/\/alekeskus.eu\/et\/wp-json\/wp\/v2\/pwb-brand?post=99150"},{"taxonomy":"product_brand","embeddable":true,"href":"https:\/\/alekeskus.eu\/et\/wp-json\/wp\/v2\/product_brand?post=99150"},{"taxonomy":"product_cat","embeddable":true,"href":"https:\/\/alekeskus.eu\/et\/wp-json\/wp\/v2\/product_cat?post=99150"},{"taxonomy":"product_tag","embeddable":true,"href":"https:\/\/alekeskus.eu\/et\/wp-json\/wp\/v2\/product_tag?post=99150"}],"curies":[{"name":"wp","href":"https:\/\/api.w.org\/{rel}","templated":true}]}}