{"id":99211,"date":"2026-01-20T13:34:00","date_gmt":"2026-01-20T13:34:00","guid":{"rendered":"https:\/\/alekeskus.eu\/?post_type=product&#038;p=99211"},"modified":"2026-02-20T17:28:48","modified_gmt":"2026-02-20T17:28:48","slug":"freespalksuvila-elbe-214-alekeskus","status":"publish","type":"product","link":"https:\/\/alekeskus.eu\/et\/toode\/freespalksuvila-elbe-214-alekeskus\/","title":{"rendered":"Freespalksuvila Elbe 21,4 m\u00b2+ terrass 5,5 m\u00b2  70 mm freespalk, 3 ruumi"},"content":{"rendered":"","protected":false},"excerpt":{"rendered":"<p>V\u00e4lism\u00f5\u00f5dud:<strong> 5,4 x 4,2 m + terrass 1,3 x 4,2 m<\/strong>.<\/p>\n<ul>\n<li>tuuletapiga <strong>freespalk 70 mm<\/strong>, tormikinnitused<\/li>\n<li>harja k\u00f5rgus <strong>286 cm<\/strong>, r\u00e4\u00e4sta k\u00f5rgus\u00a0<strong>218 cm<\/strong><\/li>\n<li>immutatud alusprussid 45 x 70 mm, punnitud p\u00f5randalauad 18 x 90 mm<\/li>\n<li>terrass 5,5 <span class=\"super-position\">m<sup>2<\/sup><\/span> , s\u00fcvaimmutatud terrassilauad 19 x 90 mm<\/li>\n<li>katuse pindala 36 <span class=\"super-position\">m<sup>2 <\/sup><\/span>, katuse kalle 13\u00b0, katusetalad 70 x 140 mm, punnitud katuselauad 18 x 90 mm<\/li>\n<li>katusekate ei sisaldu hinnas (tarve\u00a0 rulli 5 x 10 m SBS-bituumenkatet v\u00f5i 14 pakki bituumensindlit)<\/li>\n<li>sisse kaldp\u00f6\u00f6rd-avatavad aknad alumiiniumist tilganinadega ja pakettklaasidega 4 tk 92 x 92 cm<\/li>\n<li>3 ust 83 x 193 cm liimpuidust lengidega(v\u00e4lisuks pakettklaasiga ja silinderlukuga)<\/li>\n<li>kinnitusvahendid ja koostejuhend<\/li>\n<li>tehase garantii 5 aastat<\/li>\n<li>v\u00f5imalik teha m\u00f5\u00f5tudes ja avat\u00e4idetes muudatusi<\/li>\n<li>ehitusteatise jaoks vajalikud joonised<\/li>\n<li>ilmastikukindel pakend<\/li>\n<\/ul>\n<p>K\u00fcsi ka paigaldust!<\/p>\n","protected":false},"featured_media":99225,"template":"","meta":{"_monsterinsights_skip_tracking":false,"_monsterinsights_sitenote_active":false,"_monsterinsights_sitenote_note":"","_monsterinsights_sitenote_category":0},"pwb-brand":[18577],"product_brand":[],"product_cat":[13540,13604,13610],"product_tag":[14311,13813,15285,13831,17390,13910,17515,13913,18558,13970,14252,14277],"class_list":{"0":"post-99211","1":"product","2":"type-product","3":"status-publish","4":"has-post-thumbnail","6":"pwb-brand-eesti","7":"product_cat-hooned-alekeskus","8":"product_cat-saunad","9":"product_cat-suvilad","10":"product_tag-freespalkaiamaja","11":"product_tag-aiamaja","12":"product_tag-kesamokki","13":"product_tag-mokki","14":"product_tag-freespalksuvila","15":"product_tag-majutus","16":"product_tag-saunamokki","17":"product_tag-vierasmaja","18":"product_tag-lomamokki-2","19":"product_tag-suvila","20":"product_tag-suvemaja","21":"product_tag-freespalk","22":"product_shipping_class-alates-1000kg","23":"pa_garantii-5-aastat","24":"pa_laoasukoht-tartumaa","25":"pa_pindalam-19101","26":"pa_seinapaksus-70-mm","27":"pa_tellimisaeg-2-3-kuud","28":"pa_varv-viimistlemata","29":"pa_veame-eesti-ja-soome","31":"first","32":"onbackorder","33":"featured","34":"taxable","35":"shipping-taxable","36":"purchasable","37":"product-type-simple"},"yoast_head":"<!-- This site is optimized with the Yoast SEO plugin v27.3 - https:\/\/yoast.com\/product\/yoast-seo-wordpress\/ -->\n<title>Freespalksuvila Elbe 21,4 m\u00b2+ terrass 5,5 m\u00b2 70 mm freespalk, 3 ruumi - Alekeskus<\/title>\n<meta name=\"description\" content=\"freespalksuvila 3 ruumiga\" \/>\n<meta name=\"robots\" content=\"index, follow, max-snippet:-1, max-image-preview:large, max-video-preview:-1\" \/>\n<link rel=\"canonical\" href=\"https:\/\/alekeskus.eu\/et\/toode\/freespalksuvila-elbe-214-alekeskus\/\" \/>\n<meta property=\"og:locale\" content=\"et_EE\" \/>\n<meta property=\"og:type\" content=\"article\" \/>\n<meta property=\"og:title\" content=\"Freespalksuvila Elbe 21,4 m\u00b2+ terrass 5,5 m\u00b2 70 mm freespalk, 3 ruumi - Alekeskus\" \/>\n<meta property=\"og:description\" content=\"freespalksuvila 3 ruumiga\" \/>\n<meta property=\"og:url\" content=\"https:\/\/alekeskus.eu\/et\/toode\/freespalksuvila-elbe-214-alekeskus\/\" \/>\n<meta property=\"og:site_name\" content=\"Alekeskus\" \/>\n<meta property=\"article:modified_time\" content=\"2026-02-20T17:28:48+00:00\" \/>\n<meta property=\"og:image\" content=\"https:\/\/alekeskus.eu\/wp-content\/uploads\/2026\/02\/Elbe70-scaled.jpg\" \/>\n\t<meta property=\"og:image:width\" content=\"2560\" \/>\n\t<meta property=\"og:image:height\" content=\"1707\" \/>\n\t<meta property=\"og:image:type\" content=\"image\/jpeg\" \/>\n<meta name=\"twitter:card\" content=\"summary_large_image\" \/>\n<meta name=\"twitter:label1\" content=\"Est. reading time\" \/>\n\t<meta name=\"twitter:data1\" content=\"1 minut\" \/>\n<script type=\"application\/ld+json\" class=\"yoast-schema-graph\">{\"@context\":\"https:\\\/\\\/schema.org\",\"@graph\":[{\"@type\":\"WebPage\",\"@id\":\"https:\\\/\\\/alekeskus.eu\\\/et\\\/toode\\\/freespalksuvila-elbe-214-alekeskus\\\/\",\"url\":\"https:\\\/\\\/alekeskus.eu\\\/et\\\/toode\\\/freespalksuvila-elbe-214-alekeskus\\\/\",\"name\":\"Freespalksuvila Elbe 21,4 m\u00b2+ terrass 5,5 m\u00b2 70 mm freespalk, 3 ruumi - Alekeskus\",\"isPartOf\":{\"@id\":\"https:\\\/\\\/alekeskus.eu\\\/#website\"},\"primaryImageOfPage\":{\"@id\":\"https:\\\/\\\/alekeskus.eu\\\/et\\\/toode\\\/freespalksuvila-elbe-214-alekeskus\\\/#primaryimage\"},\"image\":{\"@id\":\"https:\\\/\\\/alekeskus.eu\\\/et\\\/toode\\\/freespalksuvila-elbe-214-alekeskus\\\/#primaryimage\"},\"thumbnailUrl\":\"https:\\\/\\\/alekeskus.eu\\\/wp-content\\\/uploads\\\/2026\\\/02\\\/Elbe70-scaled.jpg\",\"datePublished\":\"2026-01-20T13:34:00+00:00\",\"dateModified\":\"2026-02-20T17:28:48+00:00\",\"description\":\"freespalksuvila 3 ruumiga\",\"breadcrumb\":{\"@id\":\"https:\\\/\\\/alekeskus.eu\\\/et\\\/toode\\\/freespalksuvila-elbe-214-alekeskus\\\/#breadcrumb\"},\"inLanguage\":\"et\",\"potentialAction\":[{\"@type\":\"ReadAction\",\"target\":[\"https:\\\/\\\/alekeskus.eu\\\/et\\\/toode\\\/freespalksuvila-elbe-214-alekeskus\\\/\"]}]},{\"@type\":\"ImageObject\",\"inLanguage\":\"et\",\"@id\":\"https:\\\/\\\/alekeskus.eu\\\/et\\\/toode\\\/freespalksuvila-elbe-214-alekeskus\\\/#primaryimage\",\"url\":\"https:\\\/\\\/alekeskus.eu\\\/wp-content\\\/uploads\\\/2026\\\/02\\\/Elbe70-scaled.jpg\",\"contentUrl\":\"https:\\\/\\\/alekeskus.eu\\\/wp-content\\\/uploads\\\/2026\\\/02\\\/Elbe70-scaled.jpg\",\"width\":2560,\"height\":1707},{\"@type\":\"BreadcrumbList\",\"@id\":\"https:\\\/\\\/alekeskus.eu\\\/et\\\/toode\\\/freespalksuvila-elbe-214-alekeskus\\\/#breadcrumb\",\"itemListElement\":[{\"@type\":\"ListItem\",\"position\":1,\"name\":\"Avaleht\",\"item\":\"https:\\\/\\\/alekeskus.eu\\\/et\\\/\"},{\"@type\":\"ListItem\",\"position\":2,\"name\":\"Pood\",\"item\":\"https:\\\/\\\/alekeskus.eu\\\/pood\\\/\"},{\"@type\":\"ListItem\",\"position\":3,\"name\":\"Freespalksuvila Elbe 21,4 m\u00b2+ terrass 5,5 m\u00b2 70 mm freespalk, 3 ruumi\"}]},{\"@type\":\"WebSite\",\"@id\":\"https:\\\/\\\/alekeskus.eu\\\/#website\",\"url\":\"https:\\\/\\\/alekeskus.eu\\\/\",\"name\":\"Alekeskus\",\"description\":\"Alekeskus.eu\",\"potentialAction\":[{\"@type\":\"SearchAction\",\"target\":{\"@type\":\"EntryPoint\",\"urlTemplate\":\"https:\\\/\\\/alekeskus.eu\\\/?s={search_term_string}\"},\"query-input\":{\"@type\":\"PropertyValueSpecification\",\"valueRequired\":true,\"valueName\":\"search_term_string\"}}],\"inLanguage\":\"et\"}]}<\/script>\n<!-- \/ Yoast SEO plugin. -->","yoast_head_json":{"title":"Freespalksuvila Elbe 21,4 m\u00b2+ terrass 5,5 m\u00b2 70 mm freespalk, 3 ruumi - Alekeskus","description":"freespalksuvila 3 ruumiga","robots":{"index":"index","follow":"follow","max-snippet":"max-snippet:-1","max-image-preview":"max-image-preview:large","max-video-preview":"max-video-preview:-1"},"canonical":"https:\/\/alekeskus.eu\/et\/toode\/freespalksuvila-elbe-214-alekeskus\/","og_locale":"et_EE","og_type":"article","og_title":"Freespalksuvila Elbe 21,4 m\u00b2+ terrass 5,5 m\u00b2 70 mm freespalk, 3 ruumi - Alekeskus","og_description":"freespalksuvila 3 ruumiga","og_url":"https:\/\/alekeskus.eu\/et\/toode\/freespalksuvila-elbe-214-alekeskus\/","og_site_name":"Alekeskus","article_modified_time":"2026-02-20T17:28:48+00:00","og_image":[{"width":2560,"height":1707,"url":"https:\/\/alekeskus.eu\/wp-content\/uploads\/2026\/02\/Elbe70-scaled.jpg","type":"image\/jpeg"}],"twitter_card":"summary_large_image","twitter_misc":{"Est. reading time":"1 minut"},"schema":{"@context":"https:\/\/schema.org","@graph":[{"@type":"WebPage","@id":"https:\/\/alekeskus.eu\/et\/toode\/freespalksuvila-elbe-214-alekeskus\/","url":"https:\/\/alekeskus.eu\/et\/toode\/freespalksuvila-elbe-214-alekeskus\/","name":"Freespalksuvila Elbe 21,4 m\u00b2+ terrass 5,5 m\u00b2 70 mm freespalk, 3 ruumi - Alekeskus","isPartOf":{"@id":"https:\/\/alekeskus.eu\/#website"},"primaryImageOfPage":{"@id":"https:\/\/alekeskus.eu\/et\/toode\/freespalksuvila-elbe-214-alekeskus\/#primaryimage"},"image":{"@id":"https:\/\/alekeskus.eu\/et\/toode\/freespalksuvila-elbe-214-alekeskus\/#primaryimage"},"thumbnailUrl":"https:\/\/alekeskus.eu\/wp-content\/uploads\/2026\/02\/Elbe70-scaled.jpg","datePublished":"2026-01-20T13:34:00+00:00","dateModified":"2026-02-20T17:28:48+00:00","description":"freespalksuvila 3 ruumiga","breadcrumb":{"@id":"https:\/\/alekeskus.eu\/et\/toode\/freespalksuvila-elbe-214-alekeskus\/#breadcrumb"},"inLanguage":"et","potentialAction":[{"@type":"ReadAction","target":["https:\/\/alekeskus.eu\/et\/toode\/freespalksuvila-elbe-214-alekeskus\/"]}]},{"@type":"ImageObject","inLanguage":"et","@id":"https:\/\/alekeskus.eu\/et\/toode\/freespalksuvila-elbe-214-alekeskus\/#primaryimage","url":"https:\/\/alekeskus.eu\/wp-content\/uploads\/2026\/02\/Elbe70-scaled.jpg","contentUrl":"https:\/\/alekeskus.eu\/wp-content\/uploads\/2026\/02\/Elbe70-scaled.jpg","width":2560,"height":1707},{"@type":"BreadcrumbList","@id":"https:\/\/alekeskus.eu\/et\/toode\/freespalksuvila-elbe-214-alekeskus\/#breadcrumb","itemListElement":[{"@type":"ListItem","position":1,"name":"Avaleht","item":"https:\/\/alekeskus.eu\/et\/"},{"@type":"ListItem","position":2,"name":"Pood","item":"https:\/\/alekeskus.eu\/pood\/"},{"@type":"ListItem","position":3,"name":"Freespalksuvila Elbe 21,4 m\u00b2+ terrass 5,5 m\u00b2 70 mm freespalk, 3 ruumi"}]},{"@type":"WebSite","@id":"https:\/\/alekeskus.eu\/#website","url":"https:\/\/alekeskus.eu\/","name":"Alekeskus","description":"Alekeskus.eu","potentialAction":[{"@type":"SearchAction","target":{"@type":"EntryPoint","urlTemplate":"https:\/\/alekeskus.eu\/?s={search_term_string}"},"query-input":{"@type":"PropertyValueSpecification","valueRequired":true,"valueName":"search_term_string"}}],"inLanguage":"et"}]}},"brands":[{"id":18577,"name":"Eesti","slug":"eesti"}],"_links":{"self":[{"href":"https:\/\/alekeskus.eu\/et\/wp-json\/wp\/v2\/product\/99211","targetHints":{"allow":["GET"]}}],"collection":[{"href":"https:\/\/alekeskus.eu\/et\/wp-json\/wp\/v2\/product"}],"about":[{"href":"https:\/\/alekeskus.eu\/et\/wp-json\/wp\/v2\/types\/product"}],"wp:featuredmedia":[{"embeddable":true,"href":"https:\/\/alekeskus.eu\/et\/wp-json\/wp\/v2\/media\/99225"}],"wp:attachment":[{"href":"https:\/\/alekeskus.eu\/et\/wp-json\/wp\/v2\/media?parent=99211"}],"wp:term":[{"taxonomy":"pwb-brand","embeddable":true,"href":"https:\/\/alekeskus.eu\/et\/wp-json\/wp\/v2\/pwb-brand?post=99211"},{"taxonomy":"product_brand","embeddable":true,"href":"https:\/\/alekeskus.eu\/et\/wp-json\/wp\/v2\/product_brand?post=99211"},{"taxonomy":"product_cat","embeddable":true,"href":"https:\/\/alekeskus.eu\/et\/wp-json\/wp\/v2\/product_cat?post=99211"},{"taxonomy":"product_tag","embeddable":true,"href":"https:\/\/alekeskus.eu\/et\/wp-json\/wp\/v2\/product_tag?post=99211"}],"curies":[{"name":"wp","href":"https:\/\/api.w.org\/{rel}","templated":true}]}}