{"id":99242,"date":"2026-02-21T06:42:00","date_gmt":"2026-02-21T06:42:00","guid":{"rendered":"https:\/\/alekeskus.eu\/?post_type=product&#038;p=99242"},"modified":"2026-03-09T18:03:46","modified_gmt":"2026-03-09T18:03:46","slug":"aiasaun-domo15-alumiiniumliugustega-alekeskus","status":"publish","type":"product","link":"https:\/\/alekeskus.eu\/et\/toode\/aiasaun-domo15-alumiiniumliugustega-alekeskus\/","title":{"rendered":"Aiasaun Domo 15 m\u00b2 alumiiniumliugustega UUDIS!"},"content":{"rendered":"<div class=\"pictogram qtip-additional-element\">\n<div class=\"image\">\n<p>V\u00c4RVIMISE TEENUSE KIRJELDUS:<\/p>\n<p>Sein v\u00e4rvitakse 3-st k\u00fcljest, ka punnsooned. 4 standardv\u00e4rvi: rootsi punane, s\u00fcsihall, helehall, roheline. Sisepind j\u00e4\u00e4b naturaalseks. Maja nurgad on v\u00e4rvitud igast k\u00fcljest. V\u00e4rvitakse 2 kihti. \u27a2 P\u00f5randa- ja laelauad ning p\u00e4rlinid j\u00e4\u00e4vad v\u00e4rvimata. \u27a2 Aknad ja uksed v\u00e4rvitakse valgeks igast k\u00fcljest. \u27a2 K\u00f5ik v\u00e4lised liistud (viilulauad ja liistud) v\u00e4rvitakse valgeks. \u27a2 Kvaliteetne v\u00e4rv tuntud Saksa tootjalt OSMO<\/p>\n<p>V\u00e4rvitud tootel pikem tellimisaeg.<\/p>\n<\/div>\n<\/div>\n","protected":false},"excerpt":{"rendered":"<p>V\u00e4lism\u00f5\u00f5dud<strong>: 5,0 x 3,2 m<\/strong><\/p>\n<ul>\n<li>tuuletapiga\u00a0<strong>freespalksein 44 mm<\/strong>,<strong>\u00a0kaasaegne tappideta nurgalahendus<\/strong><\/li>\n<li>seina k\u00f5rgus 251 cm<\/li>\n<li>punniga katuselauad 18 mm<\/li>\n<li>katuse pindala 20 m\u00b2, kalle 1\u00ba, r\u00e4\u00e4stas ees 32 cm, katusekate lisahinnaga<\/li>\n<li>18 mm punniga p\u00f5randalauad ja immutatud talad 45 x 70 mm<\/li>\n<li><strong>alumiiniumraamiga<\/strong> <strong>pakettklaasiga<\/strong> <strong>liuguksed<\/strong>\u00a0 2041 x 2026 mm ja 3039 x 2026 mm, puust klaasitud siseuks 835 x 1900 mm, karastatud klaasiga leiliruumi uks<\/li>\n<li><strong>alumiiniumraamiga<\/strong> <strong>pakettklaasiga kinnine aken<\/strong><\/li>\n<li>saunalava ja laelauad koos laesoojustusega Finnfoam 30 mm(keris ei sisaldu hinnas)<\/li>\n<li>tellitav v\u00e4ljast v\u00e4rvituna(hele-ja tumehall, rootsi punane, roheline), liistud v\u00e4rvitakse \u00fcleni +1100\u20ac (loe alt kirjeldust, tellimisaeg alates 1 kuu)<\/li>\n<li>kinnitusvahendid ja koostejuhend<\/li>\n<li>Eesti toode<\/li>\n<li>garantii 5 aastat<\/li>\n<li>vihmakindel pakend<\/li>\n<\/ul>\n<p>K\u00fcsi ka paigaldust!<\/p>\n<p>Vedu mandril tellijapoolse mahalaadimisega 180\u20ac v\u00f5i kraana-autoga 350\u20ac(suursaartele vastavalt 280\u20ac ja 590\u20ac).<\/p>\n","protected":false},"featured_media":99264,"template":"","meta":{"_monsterinsights_skip_tracking":false,"_monsterinsights_sitenote_active":false,"_monsterinsights_sitenote_note":"","_monsterinsights_sitenote_category":0},"pwb-brand":[18577],"product_brand":[],"product_cat":[17182,13538,13592,13540,13596,13604,13608],"product_tag":[19156,19157,13813,17388,17869,17973,13900,18478,13972,19154,19155],"class_list":{"0":"post-99242","1":"product","2":"type-product","3":"status-publish","4":"has-post-thumbnail","6":"pwb-brand-eesti","7":"product_cat-suvekoogid-alekeskus","8":"product_cat-ale","9":"product_cat-aia-ja-grillmajad","10":"product_cat-hooned-alekeskus","11":"product_cat-varjualused-talveaiad-alekeskus","12":"product_cat-saunad","13":"product_cat-kontorid","14":"product_tag-aiasaun-soodus","15":"product_tag-aiasaun-paigaldusega","16":"product_tag-aiamaja","17":"product_tag-saunamaja","18":"product_tag-rannasaun","19":"product_tag-aiasaun","20":"product_tag-liuguksed","21":"product_tag-kesahuone","22":"product_tag-alumiinium-liuguks","23":"product_tag-aiasaunad","24":"product_tag-aiasaunade-muuk","25":"product_shipping_class-alates-1000kg","26":"pa_garantii-5-aastat","27":"pa_kohaletoimetamine-alates-180e","28":"pa_laoasukoht-tartumaa","29":"pa_pindalam-15115","30":"pa_seinapaksus-17405","31":"pa_tellimisaeg-tilausaika-alekeskus","32":"pa_varv-helehall","33":"pa_varv-roheline","34":"pa_varv-punane","35":"pa_varv-viimistlemata","36":"pa_varv-tumehall","38":"first","39":"instock","40":"sale","41":"featured","42":"taxable","43":"shipping-taxable","44":"purchasable","45":"product-type-variable","46":"has-default-attributes"},"yoast_head":"<!-- This site is optimized with the Yoast SEO plugin v27.3 - https:\/\/yoast.com\/product\/yoast-seo-wordpress\/ -->\n<title>Aiasaun Domo 15 m\u00b2 alumiiniumliugustega UUDIS! - Alekeskus<\/title>\n<meta name=\"description\" content=\"aiasaun lamekatusega ja alumiiniumliugustega\" \/>\n<meta name=\"robots\" content=\"index, follow, max-snippet:-1, max-image-preview:large, max-video-preview:-1\" \/>\n<link rel=\"canonical\" href=\"https:\/\/alekeskus.eu\/et\/toode\/aiasaun-domo15-alumiiniumliugustega-alekeskus\/\" \/>\n<meta property=\"og:locale\" content=\"et_EE\" \/>\n<meta property=\"og:type\" content=\"article\" \/>\n<meta property=\"og:title\" content=\"Aiasaun Domo 15 m\u00b2 alumiiniumliugustega UUDIS! - Alekeskus\" \/>\n<meta property=\"og:description\" content=\"aiasaun lamekatusega ja alumiiniumliugustega\" \/>\n<meta property=\"og:url\" content=\"https:\/\/alekeskus.eu\/et\/toode\/aiasaun-domo15-alumiiniumliugustega-alekeskus\/\" \/>\n<meta property=\"og:site_name\" content=\"Alekeskus\" \/>\n<meta property=\"article:modified_time\" content=\"2026-03-09T18:03:46+00:00\" \/>\n<meta property=\"og:image\" content=\"https:\/\/alekeskus.eu\/wp-content\/uploads\/2026\/02\/Domo-saun-4442419-aias-1-scaled.jpg\" \/>\n\t<meta property=\"og:image:width\" content=\"2560\" \/>\n\t<meta property=\"og:image:height\" content=\"1440\" \/>\n\t<meta property=\"og:image:type\" content=\"image\/jpeg\" \/>\n<meta name=\"twitter:card\" content=\"summary_large_image\" \/>\n<meta name=\"twitter:label1\" content=\"Est. reading time\" \/>\n\t<meta name=\"twitter:data1\" content=\"1 minut\" \/>\n<script type=\"application\/ld+json\" class=\"yoast-schema-graph\">{\"@context\":\"https:\\\/\\\/schema.org\",\"@graph\":[{\"@type\":\"WebPage\",\"@id\":\"https:\\\/\\\/alekeskus.eu\\\/et\\\/toode\\\/aiasaun-domo15-alumiiniumliugustega-alekeskus\\\/\",\"url\":\"https:\\\/\\\/alekeskus.eu\\\/et\\\/toode\\\/aiasaun-domo15-alumiiniumliugustega-alekeskus\\\/\",\"name\":\"Aiasaun Domo 15 m\u00b2 alumiiniumliugustega UUDIS! - Alekeskus\",\"isPartOf\":{\"@id\":\"https:\\\/\\\/alekeskus.eu\\\/#website\"},\"primaryImageOfPage\":{\"@id\":\"https:\\\/\\\/alekeskus.eu\\\/et\\\/toode\\\/aiasaun-domo15-alumiiniumliugustega-alekeskus\\\/#primaryimage\"},\"image\":{\"@id\":\"https:\\\/\\\/alekeskus.eu\\\/et\\\/toode\\\/aiasaun-domo15-alumiiniumliugustega-alekeskus\\\/#primaryimage\"},\"thumbnailUrl\":\"https:\\\/\\\/alekeskus.eu\\\/wp-content\\\/uploads\\\/2026\\\/02\\\/Domo-saun-4442419-aias-1-scaled.jpg\",\"datePublished\":\"2026-02-21T06:42:00+00:00\",\"dateModified\":\"2026-03-09T18:03:46+00:00\",\"description\":\"aiasaun lamekatusega ja alumiiniumliugustega\",\"breadcrumb\":{\"@id\":\"https:\\\/\\\/alekeskus.eu\\\/et\\\/toode\\\/aiasaun-domo15-alumiiniumliugustega-alekeskus\\\/#breadcrumb\"},\"inLanguage\":\"et\",\"potentialAction\":[{\"@type\":\"ReadAction\",\"target\":[\"https:\\\/\\\/alekeskus.eu\\\/et\\\/toode\\\/aiasaun-domo15-alumiiniumliugustega-alekeskus\\\/\"]}]},{\"@type\":\"ImageObject\",\"inLanguage\":\"et\",\"@id\":\"https:\\\/\\\/alekeskus.eu\\\/et\\\/toode\\\/aiasaun-domo15-alumiiniumliugustega-alekeskus\\\/#primaryimage\",\"url\":\"https:\\\/\\\/alekeskus.eu\\\/wp-content\\\/uploads\\\/2026\\\/02\\\/Domo-saun-4442419-aias-1-scaled.jpg\",\"contentUrl\":\"https:\\\/\\\/alekeskus.eu\\\/wp-content\\\/uploads\\\/2026\\\/02\\\/Domo-saun-4442419-aias-1-scaled.jpg\",\"width\":2560,\"height\":1440},{\"@type\":\"BreadcrumbList\",\"@id\":\"https:\\\/\\\/alekeskus.eu\\\/et\\\/toode\\\/aiasaun-domo15-alumiiniumliugustega-alekeskus\\\/#breadcrumb\",\"itemListElement\":[{\"@type\":\"ListItem\",\"position\":1,\"name\":\"Avaleht\",\"item\":\"https:\\\/\\\/alekeskus.eu\\\/et\\\/\"},{\"@type\":\"ListItem\",\"position\":2,\"name\":\"Pood\",\"item\":\"https:\\\/\\\/alekeskus.eu\\\/pood\\\/\"},{\"@type\":\"ListItem\",\"position\":3,\"name\":\"Aiasaun Domo 15 m\u00b2 alumiiniumliugustega UUDIS!\"}]},{\"@type\":\"WebSite\",\"@id\":\"https:\\\/\\\/alekeskus.eu\\\/#website\",\"url\":\"https:\\\/\\\/alekeskus.eu\\\/\",\"name\":\"Alekeskus\",\"description\":\"Alekeskus.eu\",\"potentialAction\":[{\"@type\":\"SearchAction\",\"target\":{\"@type\":\"EntryPoint\",\"urlTemplate\":\"https:\\\/\\\/alekeskus.eu\\\/?s={search_term_string}\"},\"query-input\":{\"@type\":\"PropertyValueSpecification\",\"valueRequired\":true,\"valueName\":\"search_term_string\"}}],\"inLanguage\":\"et\"}]}<\/script>\n<!-- \/ Yoast SEO plugin. -->","yoast_head_json":{"title":"Aiasaun Domo 15 m\u00b2 alumiiniumliugustega UUDIS! - Alekeskus","description":"aiasaun lamekatusega ja alumiiniumliugustega","robots":{"index":"index","follow":"follow","max-snippet":"max-snippet:-1","max-image-preview":"max-image-preview:large","max-video-preview":"max-video-preview:-1"},"canonical":"https:\/\/alekeskus.eu\/et\/toode\/aiasaun-domo15-alumiiniumliugustega-alekeskus\/","og_locale":"et_EE","og_type":"article","og_title":"Aiasaun Domo 15 m\u00b2 alumiiniumliugustega UUDIS! - Alekeskus","og_description":"aiasaun lamekatusega ja alumiiniumliugustega","og_url":"https:\/\/alekeskus.eu\/et\/toode\/aiasaun-domo15-alumiiniumliugustega-alekeskus\/","og_site_name":"Alekeskus","article_modified_time":"2026-03-09T18:03:46+00:00","og_image":[{"width":2560,"height":1440,"url":"https:\/\/alekeskus.eu\/wp-content\/uploads\/2026\/02\/Domo-saun-4442419-aias-1-scaled.jpg","type":"image\/jpeg"}],"twitter_card":"summary_large_image","twitter_misc":{"Est. reading time":"1 minut"},"schema":{"@context":"https:\/\/schema.org","@graph":[{"@type":"WebPage","@id":"https:\/\/alekeskus.eu\/et\/toode\/aiasaun-domo15-alumiiniumliugustega-alekeskus\/","url":"https:\/\/alekeskus.eu\/et\/toode\/aiasaun-domo15-alumiiniumliugustega-alekeskus\/","name":"Aiasaun Domo 15 m\u00b2 alumiiniumliugustega UUDIS! - Alekeskus","isPartOf":{"@id":"https:\/\/alekeskus.eu\/#website"},"primaryImageOfPage":{"@id":"https:\/\/alekeskus.eu\/et\/toode\/aiasaun-domo15-alumiiniumliugustega-alekeskus\/#primaryimage"},"image":{"@id":"https:\/\/alekeskus.eu\/et\/toode\/aiasaun-domo15-alumiiniumliugustega-alekeskus\/#primaryimage"},"thumbnailUrl":"https:\/\/alekeskus.eu\/wp-content\/uploads\/2026\/02\/Domo-saun-4442419-aias-1-scaled.jpg","datePublished":"2026-02-21T06:42:00+00:00","dateModified":"2026-03-09T18:03:46+00:00","description":"aiasaun lamekatusega ja alumiiniumliugustega","breadcrumb":{"@id":"https:\/\/alekeskus.eu\/et\/toode\/aiasaun-domo15-alumiiniumliugustega-alekeskus\/#breadcrumb"},"inLanguage":"et","potentialAction":[{"@type":"ReadAction","target":["https:\/\/alekeskus.eu\/et\/toode\/aiasaun-domo15-alumiiniumliugustega-alekeskus\/"]}]},{"@type":"ImageObject","inLanguage":"et","@id":"https:\/\/alekeskus.eu\/et\/toode\/aiasaun-domo15-alumiiniumliugustega-alekeskus\/#primaryimage","url":"https:\/\/alekeskus.eu\/wp-content\/uploads\/2026\/02\/Domo-saun-4442419-aias-1-scaled.jpg","contentUrl":"https:\/\/alekeskus.eu\/wp-content\/uploads\/2026\/02\/Domo-saun-4442419-aias-1-scaled.jpg","width":2560,"height":1440},{"@type":"BreadcrumbList","@id":"https:\/\/alekeskus.eu\/et\/toode\/aiasaun-domo15-alumiiniumliugustega-alekeskus\/#breadcrumb","itemListElement":[{"@type":"ListItem","position":1,"name":"Avaleht","item":"https:\/\/alekeskus.eu\/et\/"},{"@type":"ListItem","position":2,"name":"Pood","item":"https:\/\/alekeskus.eu\/pood\/"},{"@type":"ListItem","position":3,"name":"Aiasaun Domo 15 m\u00b2 alumiiniumliugustega UUDIS!"}]},{"@type":"WebSite","@id":"https:\/\/alekeskus.eu\/#website","url":"https:\/\/alekeskus.eu\/","name":"Alekeskus","description":"Alekeskus.eu","potentialAction":[{"@type":"SearchAction","target":{"@type":"EntryPoint","urlTemplate":"https:\/\/alekeskus.eu\/?s={search_term_string}"},"query-input":{"@type":"PropertyValueSpecification","valueRequired":true,"valueName":"search_term_string"}}],"inLanguage":"et"}]}},"brands":[{"id":18577,"name":"Eesti","slug":"eesti"}],"_links":{"self":[{"href":"https:\/\/alekeskus.eu\/et\/wp-json\/wp\/v2\/product\/99242","targetHints":{"allow":["GET"]}}],"collection":[{"href":"https:\/\/alekeskus.eu\/et\/wp-json\/wp\/v2\/product"}],"about":[{"href":"https:\/\/alekeskus.eu\/et\/wp-json\/wp\/v2\/types\/product"}],"wp:featuredmedia":[{"embeddable":true,"href":"https:\/\/alekeskus.eu\/et\/wp-json\/wp\/v2\/media\/99264"}],"wp:attachment":[{"href":"https:\/\/alekeskus.eu\/et\/wp-json\/wp\/v2\/media?parent=99242"}],"wp:term":[{"taxonomy":"pwb-brand","embeddable":true,"href":"https:\/\/alekeskus.eu\/et\/wp-json\/wp\/v2\/pwb-brand?post=99242"},{"taxonomy":"product_brand","embeddable":true,"href":"https:\/\/alekeskus.eu\/et\/wp-json\/wp\/v2\/product_brand?post=99242"},{"taxonomy":"product_cat","embeddable":true,"href":"https:\/\/alekeskus.eu\/et\/wp-json\/wp\/v2\/product_cat?post=99242"},{"taxonomy":"product_tag","embeddable":true,"href":"https:\/\/alekeskus.eu\/et\/wp-json\/wp\/v2\/product_tag?post=99242"}],"curies":[{"name":"wp","href":"https:\/\/api.w.org\/{rel}","templated":true}]}}