{"id":99307,"date":"2025-12-21T20:29:35","date_gmt":"2025-12-21T20:29:35","guid":{"rendered":"https:\/\/alekeskus.eu\/?post_type=product&#038;p=99307"},"modified":"2026-02-23T17:05:45","modified_gmt":"2026-02-23T17:05:45","slug":"aiakuur-kena-11-alekeskus","status":"publish","type":"product","link":"https:\/\/alekeskus.eu\/et\/toode\/aiakuur-kena-11-alekeskus\/","title":{"rendered":"Aiakuur Kena 1,1 m\u00b2"},"content":{"rendered":"<div class=\"pictogram qtip-additional-element\">\n<div class=\"image\">\n<p><strong>Lisahinnaga:<\/strong><\/p>\n<ul>\n<li><strong>SBS-bituumenkate v\u00f5i ajutine katusepapp 1 rull<\/strong><\/li>\n<li><strong>bituumensindel 1 pakk<\/strong><\/li>\n<\/ul>\n<\/div>\n<\/div>\n<div class=\"pictogram qtip-additional-element\"><\/div>\n","protected":false},"excerpt":{"rendered":"<p>V\u00e4lism\u00f5\u00f5dud: <strong>170 x 67 cm<\/strong>.<\/p>\n<ul>\n<li><strong>seinad valmiselementidest<\/strong> (kogu paksus 42 mm, 13,5 mm punnlauaga, s\u00f5restik 21 x 28 mm)<\/li>\n<li>katuse k\u00f5rgus r\u00e4\u00e4stas 175 cm ja harja k\u00f5rgus 217 cm<\/li>\n<li><span class=\"super-position\">katuse pindala 1,8 m<sup>2\u00a0<\/sup>, kalle 23\u00b0<\/span><\/li>\n<li>katusetalad 44 x 95 mm, punnitud katuselauad 15,5 mm<\/li>\n<li>katusekate ei sisaldu hinnas (tarve 1 pakk bituumensindlit, 1 rull ajutist katusepappi v\u00f5i kestvat SBS-bituumenkatet)<\/li>\n<li>immutatud p\u00f5randatalad 45 x 45 mm, punnitud p\u00f5randalauad 15,5 mm<\/li>\n<li>riiviga topeltuks 115 x 177 cm<\/li>\n<li>kinnitusvahendid ja koostejuhend<\/li>\n<li>vihmakindel pakend<\/li>\n<li>2-aastane tehase garantii<\/li>\n<li>Eesti toode<\/li>\n<\/ul>\n<p>K\u00fcsi ka paigaldust!<\/p>\n","protected":false},"featured_media":99311,"template":"","meta":{"_monsterinsights_skip_tracking":false,"_monsterinsights_sitenote_active":false,"_monsterinsights_sitenote_note":"","_monsterinsights_sitenote_category":0},"pwb-brand":[18577],"product_brand":[],"product_cat":[13540,13600,13602],"product_tag":[15842,13837,17443,17936,13983,14264,18788,14265,15470,15668,13815,15706,13819,15841],"class_list":{"0":"post-99307","1":"product","2":"type-product","3":"status-publish","4":"has-post-thumbnail","6":"pwb-brand-eesti","7":"product_cat-hooned-alekeskus","8":"product_cat-kuurid-aidad-kioskid","9":"product_cat-elementmajad","10":"product_tag-tooriistakuur","11":"product_tag-lato","12":"product_tag-tyokaluvaja","13":"product_tag-pihavarasto","14":"product_tag-piharakennus","15":"product_tag-aiakuur","16":"product_tag-elementseinad","17":"product_tag-pihavaja","18":"product_tag-elementtirakenteinen","19":"product_tag-seinaelement","20":"product_tag-kuur","21":"product_tag-abihoone","22":"product_tag-vaja","23":"product_tag-pyoravaja","24":"product_shipping_class-30-300kg","25":"pa_garantii-2-aastat","26":"pa_kohaletoimetamine-veohind-mandri-eestis-alekeskus","27":"pa_laoasukoht-tartumaa","28":"pa_pindalam-19107","29":"pa_seinapaksus-19105","30":"pa_tellimisaeg-tilausaika-alekeskus","31":"pa_varv-viimistlemata","32":"pa_veame-eesti-ja-soome","34":"first","35":"instock","36":"taxable","37":"shipping-taxable","38":"purchasable","39":"product-type-simple"},"yoast_head":"<!-- This site is optimized with the Yoast SEO plugin v27.3 - https:\/\/yoast.com\/product\/yoast-seo-wordpress\/ -->\n<title>Aiakuur Kena 1,1 m\u00b2 - Alekeskus<\/title>\n<meta name=\"description\" content=\"aiakuur elementidest seintega\" \/>\n<meta name=\"robots\" content=\"index, follow, max-snippet:-1, max-image-preview:large, max-video-preview:-1\" \/>\n<link rel=\"canonical\" href=\"https:\/\/alekeskus.eu\/et\/toode\/aiakuur-kena-11-alekeskus\/\" \/>\n<meta property=\"og:locale\" content=\"et_EE\" \/>\n<meta property=\"og:type\" content=\"article\" \/>\n<meta property=\"og:title\" content=\"Aiakuur Kena 1,1 m\u00b2 - Alekeskus\" \/>\n<meta property=\"og:description\" content=\"aiakuur elementidest seintega\" \/>\n<meta property=\"og:url\" content=\"https:\/\/alekeskus.eu\/et\/toode\/aiakuur-kena-11-alekeskus\/\" \/>\n<meta property=\"og:site_name\" content=\"Alekeskus\" \/>\n<meta property=\"article:modified_time\" content=\"2026-02-23T17:05:45+00:00\" \/>\n<meta property=\"og:image\" content=\"https:\/\/alekeskus.eu\/wp-content\/uploads\/2026\/02\/Kent11_4743329253899_E130300_-1024x1024.jpg\" \/>\n\t<meta property=\"og:image:width\" content=\"1024\" \/>\n\t<meta property=\"og:image:height\" content=\"1024\" \/>\n\t<meta property=\"og:image:type\" content=\"image\/jpeg\" \/>\n<meta name=\"twitter:card\" content=\"summary_large_image\" \/>\n<meta name=\"twitter:label1\" content=\"Est. reading time\" \/>\n\t<meta name=\"twitter:data1\" content=\"1 minut\" \/>\n<script type=\"application\/ld+json\" class=\"yoast-schema-graph\">{\"@context\":\"https:\\\/\\\/schema.org\",\"@graph\":[{\"@type\":\"WebPage\",\"@id\":\"https:\\\/\\\/alekeskus.eu\\\/et\\\/toode\\\/aiakuur-kena-11-alekeskus\\\/\",\"url\":\"https:\\\/\\\/alekeskus.eu\\\/et\\\/toode\\\/aiakuur-kena-11-alekeskus\\\/\",\"name\":\"Aiakuur Kena 1,1 m\u00b2 - Alekeskus\",\"isPartOf\":{\"@id\":\"https:\\\/\\\/alekeskus.eu\\\/#website\"},\"primaryImageOfPage\":{\"@id\":\"https:\\\/\\\/alekeskus.eu\\\/et\\\/toode\\\/aiakuur-kena-11-alekeskus\\\/#primaryimage\"},\"image\":{\"@id\":\"https:\\\/\\\/alekeskus.eu\\\/et\\\/toode\\\/aiakuur-kena-11-alekeskus\\\/#primaryimage\"},\"thumbnailUrl\":\"https:\\\/\\\/alekeskus.eu\\\/wp-content\\\/uploads\\\/2026\\\/02\\\/Kent11_4743329253899_E130300_.jpg\",\"datePublished\":\"2025-12-21T20:29:35+00:00\",\"dateModified\":\"2026-02-23T17:05:45+00:00\",\"description\":\"aiakuur elementidest seintega\",\"breadcrumb\":{\"@id\":\"https:\\\/\\\/alekeskus.eu\\\/et\\\/toode\\\/aiakuur-kena-11-alekeskus\\\/#breadcrumb\"},\"inLanguage\":\"et\",\"potentialAction\":[{\"@type\":\"ReadAction\",\"target\":[\"https:\\\/\\\/alekeskus.eu\\\/et\\\/toode\\\/aiakuur-kena-11-alekeskus\\\/\"]}]},{\"@type\":\"ImageObject\",\"inLanguage\":\"et\",\"@id\":\"https:\\\/\\\/alekeskus.eu\\\/et\\\/toode\\\/aiakuur-kena-11-alekeskus\\\/#primaryimage\",\"url\":\"https:\\\/\\\/alekeskus.eu\\\/wp-content\\\/uploads\\\/2026\\\/02\\\/Kent11_4743329253899_E130300_.jpg\",\"contentUrl\":\"https:\\\/\\\/alekeskus.eu\\\/wp-content\\\/uploads\\\/2026\\\/02\\\/Kent11_4743329253899_E130300_.jpg\",\"width\":2500,\"height\":1667},{\"@type\":\"BreadcrumbList\",\"@id\":\"https:\\\/\\\/alekeskus.eu\\\/et\\\/toode\\\/aiakuur-kena-11-alekeskus\\\/#breadcrumb\",\"itemListElement\":[{\"@type\":\"ListItem\",\"position\":1,\"name\":\"Avaleht\",\"item\":\"https:\\\/\\\/alekeskus.eu\\\/et\\\/\"},{\"@type\":\"ListItem\",\"position\":2,\"name\":\"Pood\",\"item\":\"https:\\\/\\\/alekeskus.eu\\\/pood\\\/\"},{\"@type\":\"ListItem\",\"position\":3,\"name\":\"Aiakuur Kena 1,1 m\u00b2\"}]},{\"@type\":\"WebSite\",\"@id\":\"https:\\\/\\\/alekeskus.eu\\\/#website\",\"url\":\"https:\\\/\\\/alekeskus.eu\\\/\",\"name\":\"Alekeskus\",\"description\":\"Alekeskus.eu\",\"potentialAction\":[{\"@type\":\"SearchAction\",\"target\":{\"@type\":\"EntryPoint\",\"urlTemplate\":\"https:\\\/\\\/alekeskus.eu\\\/?s={search_term_string}\"},\"query-input\":{\"@type\":\"PropertyValueSpecification\",\"valueRequired\":true,\"valueName\":\"search_term_string\"}}],\"inLanguage\":\"et\"}]}<\/script>\n<!-- \/ Yoast SEO plugin. -->","yoast_head_json":{"title":"Aiakuur Kena 1,1 m\u00b2 - Alekeskus","description":"aiakuur elementidest seintega","robots":{"index":"index","follow":"follow","max-snippet":"max-snippet:-1","max-image-preview":"max-image-preview:large","max-video-preview":"max-video-preview:-1"},"canonical":"https:\/\/alekeskus.eu\/et\/toode\/aiakuur-kena-11-alekeskus\/","og_locale":"et_EE","og_type":"article","og_title":"Aiakuur Kena 1,1 m\u00b2 - Alekeskus","og_description":"aiakuur elementidest seintega","og_url":"https:\/\/alekeskus.eu\/et\/toode\/aiakuur-kena-11-alekeskus\/","og_site_name":"Alekeskus","article_modified_time":"2026-02-23T17:05:45+00:00","og_image":[{"width":1024,"height":1024,"url":"https:\/\/alekeskus.eu\/wp-content\/uploads\/2026\/02\/Kent11_4743329253899_E130300_-1024x1024.jpg","type":"image\/jpeg"}],"twitter_card":"summary_large_image","twitter_misc":{"Est. reading time":"1 minut"},"schema":{"@context":"https:\/\/schema.org","@graph":[{"@type":"WebPage","@id":"https:\/\/alekeskus.eu\/et\/toode\/aiakuur-kena-11-alekeskus\/","url":"https:\/\/alekeskus.eu\/et\/toode\/aiakuur-kena-11-alekeskus\/","name":"Aiakuur Kena 1,1 m\u00b2 - Alekeskus","isPartOf":{"@id":"https:\/\/alekeskus.eu\/#website"},"primaryImageOfPage":{"@id":"https:\/\/alekeskus.eu\/et\/toode\/aiakuur-kena-11-alekeskus\/#primaryimage"},"image":{"@id":"https:\/\/alekeskus.eu\/et\/toode\/aiakuur-kena-11-alekeskus\/#primaryimage"},"thumbnailUrl":"https:\/\/alekeskus.eu\/wp-content\/uploads\/2026\/02\/Kent11_4743329253899_E130300_.jpg","datePublished":"2025-12-21T20:29:35+00:00","dateModified":"2026-02-23T17:05:45+00:00","description":"aiakuur elementidest seintega","breadcrumb":{"@id":"https:\/\/alekeskus.eu\/et\/toode\/aiakuur-kena-11-alekeskus\/#breadcrumb"},"inLanguage":"et","potentialAction":[{"@type":"ReadAction","target":["https:\/\/alekeskus.eu\/et\/toode\/aiakuur-kena-11-alekeskus\/"]}]},{"@type":"ImageObject","inLanguage":"et","@id":"https:\/\/alekeskus.eu\/et\/toode\/aiakuur-kena-11-alekeskus\/#primaryimage","url":"https:\/\/alekeskus.eu\/wp-content\/uploads\/2026\/02\/Kent11_4743329253899_E130300_.jpg","contentUrl":"https:\/\/alekeskus.eu\/wp-content\/uploads\/2026\/02\/Kent11_4743329253899_E130300_.jpg","width":2500,"height":1667},{"@type":"BreadcrumbList","@id":"https:\/\/alekeskus.eu\/et\/toode\/aiakuur-kena-11-alekeskus\/#breadcrumb","itemListElement":[{"@type":"ListItem","position":1,"name":"Avaleht","item":"https:\/\/alekeskus.eu\/et\/"},{"@type":"ListItem","position":2,"name":"Pood","item":"https:\/\/alekeskus.eu\/pood\/"},{"@type":"ListItem","position":3,"name":"Aiakuur Kena 1,1 m\u00b2"}]},{"@type":"WebSite","@id":"https:\/\/alekeskus.eu\/#website","url":"https:\/\/alekeskus.eu\/","name":"Alekeskus","description":"Alekeskus.eu","potentialAction":[{"@type":"SearchAction","target":{"@type":"EntryPoint","urlTemplate":"https:\/\/alekeskus.eu\/?s={search_term_string}"},"query-input":{"@type":"PropertyValueSpecification","valueRequired":true,"valueName":"search_term_string"}}],"inLanguage":"et"}]}},"brands":[{"id":18577,"name":"Eesti","slug":"eesti"}],"_links":{"self":[{"href":"https:\/\/alekeskus.eu\/et\/wp-json\/wp\/v2\/product\/99307","targetHints":{"allow":["GET"]}}],"collection":[{"href":"https:\/\/alekeskus.eu\/et\/wp-json\/wp\/v2\/product"}],"about":[{"href":"https:\/\/alekeskus.eu\/et\/wp-json\/wp\/v2\/types\/product"}],"wp:featuredmedia":[{"embeddable":true,"href":"https:\/\/alekeskus.eu\/et\/wp-json\/wp\/v2\/media\/99311"}],"wp:attachment":[{"href":"https:\/\/alekeskus.eu\/et\/wp-json\/wp\/v2\/media?parent=99307"}],"wp:term":[{"taxonomy":"pwb-brand","embeddable":true,"href":"https:\/\/alekeskus.eu\/et\/wp-json\/wp\/v2\/pwb-brand?post=99307"},{"taxonomy":"product_brand","embeddable":true,"href":"https:\/\/alekeskus.eu\/et\/wp-json\/wp\/v2\/product_brand?post=99307"},{"taxonomy":"product_cat","embeddable":true,"href":"https:\/\/alekeskus.eu\/et\/wp-json\/wp\/v2\/product_cat?post=99307"},{"taxonomy":"product_tag","embeddable":true,"href":"https:\/\/alekeskus.eu\/et\/wp-json\/wp\/v2\/product_tag?post=99307"}],"curies":[{"name":"wp","href":"https:\/\/api.w.org\/{rel}","templated":true}]}}