{"id":99634,"date":"2026-02-27T12:46:08","date_gmt":"2026-02-27T12:46:08","guid":{"rendered":"https:\/\/alekeskus.eu\/?post_type=product&#038;p=99634"},"modified":"2026-03-08T18:01:32","modified_gmt":"2026-03-08T18:01:32","slug":"aiamaja-scala102-alekeskus","status":"publish","type":"product","link":"https:\/\/alekeskus.eu\/et\/toode\/aiamaja-scala102-alekeskus\/","title":{"rendered":"Aiamaja Scala 10,3 m\u00b2 alumiiniumliuguksega UUDISALE !"},"content":{"rendered":"<div class=\"pictogram qtip-additional-element\">\n<div class=\"image\">\n<p>&nbsp;<\/p>\n<p>&nbsp;<\/p>\n<\/div>\n<\/div>\n","protected":false},"excerpt":{"rendered":"<p>V\u00e4lism\u00f5\u00f5dud<strong>: 3,8 x 2,8 m\u00a0<\/strong><\/p>\n<ul>\n<li>tuuletapiga\u00a0<strong>freespalksein 28 mm<\/strong>,<strong>\u00a0kaasaegne tappideta nurgalahendus<\/strong><\/li>\n<li>seina k\u00f5rgus 222 cm<\/li>\n<li>s\u00fcvaimmutatud alusv\u00f6\u00f6 45 x 70 mm<\/li>\n<li>katuse kalle 1\u00b0, katuse pindala 12 m<sup>2<\/sup><\/li>\n<li>punniga katuselauad 15,5 mm<\/li>\n<li>katusekate 2 rulli lisahinnaga<\/li>\n<li>p\u00f5randat ei ole<\/li>\n<li>silinderlukuga<strong> alumiiniumraamiga<\/strong><strong>\u00a0liuguks<\/strong> \u00fchekordse klaasiga 304 x 203 cm<\/li>\n<li>tellitav v\u00e4ljast v\u00e4rvituna +750\u20ac (tumehall\/helehall, oliiv\/hall, tellimisaeg 3-4 n\u00e4dalat pikem)<\/li>\n<li>kinnitusvahendid ja koostejuhend<\/li>\n<li>Eesti toode<\/li>\n<li>garantii 5 aastat<\/li>\n<li>vihmakindel pakend<\/li>\n<\/ul>\n<p>Vedu mandril tellijapoolse mahalaadimisega 180\u20ac v\u00f5i kraana-autoga 350\u20ac(suursaartele vastavalt 280\u20ac ja 590\u20ac).<\/p>\n<p>K\u00fcsi ka paigaldust!<\/p>\n","protected":false},"featured_media":99636,"template":"","meta":{"_monsterinsights_skip_tracking":false,"_monsterinsights_sitenote_active":false,"_monsterinsights_sitenote_note":"","_monsterinsights_sitenote_category":0},"pwb-brand":[18577],"product_brand":[],"product_cat":[17182,13538,13592,13540,13596,13604,13608],"product_tag":[13813,17298,13899,13913,13972,14264,18910,14283,19114,14310,19136,15510],"class_list":{"0":"post-99634","1":"product","2":"type-product","3":"status-publish","4":"has-post-thumbnail","6":"pwb-brand-eesti","7":"product_cat-suvekoogid-alekeskus","8":"product_cat-ale","9":"product_cat-aia-ja-grillmajad","10":"product_cat-hooned-alekeskus","11":"product_cat-varjualused-talveaiad-alekeskus","12":"product_cat-saunad","13":"product_cat-kontorid","14":"product_tag-aiamaja","15":"product_tag-alumiiniliukuovi","16":"product_tag-garden-house","17":"product_tag-vierasmaja","18":"product_tag-alumiinium-liuguks","19":"product_tag-aiakuur","20":"product_tag-aiamaja-ale","21":"product_tag-kotitoimisto","22":"product_tag-soodus-aiamaja","23":"product_tag-kodukontor","24":"product_tag-aiamajade-muuk","25":"product_tag-aiakontor","26":"product_shipping_class-alates-1000kg-2-fi","27":"pa_kohaletoimetamine-alates-180e","28":"pa_laoasukoht-tartumaa","29":"pa_pindalam-19137","30":"pa_seinapaksus-28-mm","31":"pa_tellimisaeg-tilausaika-alekeskus","32":"pa_varv-viimistlemata","34":"first","35":"instock","36":"sale","37":"featured","38":"taxable","39":"shipping-taxable","40":"purchasable","41":"product-type-simple"},"yoast_head":"<!-- This site is optimized with the Yoast SEO plugin v27.3 - https:\/\/yoast.com\/product\/yoast-seo-wordpress\/ -->\n<title>Aiamaja Scala 10,3 m\u00b2 alumiiniumliuguksega UUDISALE ! - Alekeskus<\/title>\n<meta name=\"description\" content=\"aiamaja alumiiniumliuguksega, lamekatusega ja siledate nurkadega\" \/>\n<meta name=\"robots\" content=\"index, follow, max-snippet:-1, max-image-preview:large, max-video-preview:-1\" \/>\n<link rel=\"canonical\" href=\"https:\/\/alekeskus.eu\/et\/toode\/aiamaja-scala102-alekeskus\/\" \/>\n<meta property=\"og:locale\" content=\"et_EE\" \/>\n<meta property=\"og:type\" content=\"article\" \/>\n<meta property=\"og:title\" content=\"Aiamaja Scala 10,3 m\u00b2 alumiiniumliuguksega UUDISALE ! - Alekeskus\" \/>\n<meta property=\"og:description\" content=\"aiamaja alumiiniumliuguksega, lamekatusega ja siledate nurkadega\" \/>\n<meta property=\"og:url\" content=\"https:\/\/alekeskus.eu\/et\/toode\/aiamaja-scala102-alekeskus\/\" \/>\n<meta property=\"og:site_name\" content=\"Alekeskus\" \/>\n<meta property=\"article:modified_time\" content=\"2026-03-08T18:01:32+00:00\" \/>\n<meta property=\"og:image\" content=\"https:\/\/alekeskus.eu\/wp-content\/uploads\/2026\/02\/Bustani2-aias.jpg\" \/>\n\t<meta property=\"og:image:width\" content=\"2500\" \/>\n\t<meta property=\"og:image:height\" content=\"1667\" \/>\n\t<meta property=\"og:image:type\" content=\"image\/jpeg\" \/>\n<meta name=\"twitter:card\" content=\"summary_large_image\" \/>\n<meta name=\"twitter:label1\" content=\"Est. reading time\" \/>\n\t<meta name=\"twitter:data1\" content=\"1 minut\" \/>\n<script type=\"application\/ld+json\" class=\"yoast-schema-graph\">{\"@context\":\"https:\\\/\\\/schema.org\",\"@graph\":[{\"@type\":\"WebPage\",\"@id\":\"https:\\\/\\\/alekeskus.eu\\\/et\\\/toode\\\/aiamaja-scala102-alekeskus\\\/\",\"url\":\"https:\\\/\\\/alekeskus.eu\\\/et\\\/toode\\\/aiamaja-scala102-alekeskus\\\/\",\"name\":\"Aiamaja Scala 10,3 m\u00b2 alumiiniumliuguksega UUDISALE ! - Alekeskus\",\"isPartOf\":{\"@id\":\"https:\\\/\\\/alekeskus.eu\\\/#website\"},\"primaryImageOfPage\":{\"@id\":\"https:\\\/\\\/alekeskus.eu\\\/et\\\/toode\\\/aiamaja-scala102-alekeskus\\\/#primaryimage\"},\"image\":{\"@id\":\"https:\\\/\\\/alekeskus.eu\\\/et\\\/toode\\\/aiamaja-scala102-alekeskus\\\/#primaryimage\"},\"thumbnailUrl\":\"https:\\\/\\\/alekeskus.eu\\\/wp-content\\\/uploads\\\/2026\\\/02\\\/Bustani2-aias.jpg\",\"datePublished\":\"2026-02-27T12:46:08+00:00\",\"dateModified\":\"2026-03-08T18:01:32+00:00\",\"description\":\"aiamaja alumiiniumliuguksega, lamekatusega ja siledate nurkadega\",\"breadcrumb\":{\"@id\":\"https:\\\/\\\/alekeskus.eu\\\/et\\\/toode\\\/aiamaja-scala102-alekeskus\\\/#breadcrumb\"},\"inLanguage\":\"et\",\"potentialAction\":[{\"@type\":\"ReadAction\",\"target\":[\"https:\\\/\\\/alekeskus.eu\\\/et\\\/toode\\\/aiamaja-scala102-alekeskus\\\/\"]}]},{\"@type\":\"ImageObject\",\"inLanguage\":\"et\",\"@id\":\"https:\\\/\\\/alekeskus.eu\\\/et\\\/toode\\\/aiamaja-scala102-alekeskus\\\/#primaryimage\",\"url\":\"https:\\\/\\\/alekeskus.eu\\\/wp-content\\\/uploads\\\/2026\\\/02\\\/Bustani2-aias.jpg\",\"contentUrl\":\"https:\\\/\\\/alekeskus.eu\\\/wp-content\\\/uploads\\\/2026\\\/02\\\/Bustani2-aias.jpg\",\"width\":2500,\"height\":1667},{\"@type\":\"BreadcrumbList\",\"@id\":\"https:\\\/\\\/alekeskus.eu\\\/et\\\/toode\\\/aiamaja-scala102-alekeskus\\\/#breadcrumb\",\"itemListElement\":[{\"@type\":\"ListItem\",\"position\":1,\"name\":\"Avaleht\",\"item\":\"https:\\\/\\\/alekeskus.eu\\\/et\\\/\"},{\"@type\":\"ListItem\",\"position\":2,\"name\":\"Pood\",\"item\":\"https:\\\/\\\/alekeskus.eu\\\/pood\\\/\"},{\"@type\":\"ListItem\",\"position\":3,\"name\":\"Aiamaja Scala 10,3 m\u00b2 alumiiniumliuguksega UUDISALE !\"}]},{\"@type\":\"WebSite\",\"@id\":\"https:\\\/\\\/alekeskus.eu\\\/#website\",\"url\":\"https:\\\/\\\/alekeskus.eu\\\/\",\"name\":\"Alekeskus\",\"description\":\"Alekeskus.eu\",\"potentialAction\":[{\"@type\":\"SearchAction\",\"target\":{\"@type\":\"EntryPoint\",\"urlTemplate\":\"https:\\\/\\\/alekeskus.eu\\\/?s={search_term_string}\"},\"query-input\":{\"@type\":\"PropertyValueSpecification\",\"valueRequired\":true,\"valueName\":\"search_term_string\"}}],\"inLanguage\":\"et\"}]}<\/script>\n<!-- \/ Yoast SEO plugin. -->","yoast_head_json":{"title":"Aiamaja Scala 10,3 m\u00b2 alumiiniumliuguksega UUDISALE ! - Alekeskus","description":"aiamaja alumiiniumliuguksega, lamekatusega ja siledate nurkadega","robots":{"index":"index","follow":"follow","max-snippet":"max-snippet:-1","max-image-preview":"max-image-preview:large","max-video-preview":"max-video-preview:-1"},"canonical":"https:\/\/alekeskus.eu\/et\/toode\/aiamaja-scala102-alekeskus\/","og_locale":"et_EE","og_type":"article","og_title":"Aiamaja Scala 10,3 m\u00b2 alumiiniumliuguksega UUDISALE ! - Alekeskus","og_description":"aiamaja alumiiniumliuguksega, lamekatusega ja siledate nurkadega","og_url":"https:\/\/alekeskus.eu\/et\/toode\/aiamaja-scala102-alekeskus\/","og_site_name":"Alekeskus","article_modified_time":"2026-03-08T18:01:32+00:00","og_image":[{"width":2500,"height":1667,"url":"https:\/\/alekeskus.eu\/wp-content\/uploads\/2026\/02\/Bustani2-aias.jpg","type":"image\/jpeg"}],"twitter_card":"summary_large_image","twitter_misc":{"Est. reading time":"1 minut"},"schema":{"@context":"https:\/\/schema.org","@graph":[{"@type":"WebPage","@id":"https:\/\/alekeskus.eu\/et\/toode\/aiamaja-scala102-alekeskus\/","url":"https:\/\/alekeskus.eu\/et\/toode\/aiamaja-scala102-alekeskus\/","name":"Aiamaja Scala 10,3 m\u00b2 alumiiniumliuguksega UUDISALE ! - Alekeskus","isPartOf":{"@id":"https:\/\/alekeskus.eu\/#website"},"primaryImageOfPage":{"@id":"https:\/\/alekeskus.eu\/et\/toode\/aiamaja-scala102-alekeskus\/#primaryimage"},"image":{"@id":"https:\/\/alekeskus.eu\/et\/toode\/aiamaja-scala102-alekeskus\/#primaryimage"},"thumbnailUrl":"https:\/\/alekeskus.eu\/wp-content\/uploads\/2026\/02\/Bustani2-aias.jpg","datePublished":"2026-02-27T12:46:08+00:00","dateModified":"2026-03-08T18:01:32+00:00","description":"aiamaja alumiiniumliuguksega, lamekatusega ja siledate nurkadega","breadcrumb":{"@id":"https:\/\/alekeskus.eu\/et\/toode\/aiamaja-scala102-alekeskus\/#breadcrumb"},"inLanguage":"et","potentialAction":[{"@type":"ReadAction","target":["https:\/\/alekeskus.eu\/et\/toode\/aiamaja-scala102-alekeskus\/"]}]},{"@type":"ImageObject","inLanguage":"et","@id":"https:\/\/alekeskus.eu\/et\/toode\/aiamaja-scala102-alekeskus\/#primaryimage","url":"https:\/\/alekeskus.eu\/wp-content\/uploads\/2026\/02\/Bustani2-aias.jpg","contentUrl":"https:\/\/alekeskus.eu\/wp-content\/uploads\/2026\/02\/Bustani2-aias.jpg","width":2500,"height":1667},{"@type":"BreadcrumbList","@id":"https:\/\/alekeskus.eu\/et\/toode\/aiamaja-scala102-alekeskus\/#breadcrumb","itemListElement":[{"@type":"ListItem","position":1,"name":"Avaleht","item":"https:\/\/alekeskus.eu\/et\/"},{"@type":"ListItem","position":2,"name":"Pood","item":"https:\/\/alekeskus.eu\/pood\/"},{"@type":"ListItem","position":3,"name":"Aiamaja Scala 10,3 m\u00b2 alumiiniumliuguksega UUDISALE !"}]},{"@type":"WebSite","@id":"https:\/\/alekeskus.eu\/#website","url":"https:\/\/alekeskus.eu\/","name":"Alekeskus","description":"Alekeskus.eu","potentialAction":[{"@type":"SearchAction","target":{"@type":"EntryPoint","urlTemplate":"https:\/\/alekeskus.eu\/?s={search_term_string}"},"query-input":{"@type":"PropertyValueSpecification","valueRequired":true,"valueName":"search_term_string"}}],"inLanguage":"et"}]}},"brands":[{"id":18577,"name":"Eesti","slug":"eesti"}],"_links":{"self":[{"href":"https:\/\/alekeskus.eu\/et\/wp-json\/wp\/v2\/product\/99634","targetHints":{"allow":["GET"]}}],"collection":[{"href":"https:\/\/alekeskus.eu\/et\/wp-json\/wp\/v2\/product"}],"about":[{"href":"https:\/\/alekeskus.eu\/et\/wp-json\/wp\/v2\/types\/product"}],"wp:featuredmedia":[{"embeddable":true,"href":"https:\/\/alekeskus.eu\/et\/wp-json\/wp\/v2\/media\/99636"}],"wp:attachment":[{"href":"https:\/\/alekeskus.eu\/et\/wp-json\/wp\/v2\/media?parent=99634"}],"wp:term":[{"taxonomy":"pwb-brand","embeddable":true,"href":"https:\/\/alekeskus.eu\/et\/wp-json\/wp\/v2\/pwb-brand?post=99634"},{"taxonomy":"product_brand","embeddable":true,"href":"https:\/\/alekeskus.eu\/et\/wp-json\/wp\/v2\/product_brand?post=99634"},{"taxonomy":"product_cat","embeddable":true,"href":"https:\/\/alekeskus.eu\/et\/wp-json\/wp\/v2\/product_cat?post=99634"},{"taxonomy":"product_tag","embeddable":true,"href":"https:\/\/alekeskus.eu\/et\/wp-json\/wp\/v2\/product_tag?post=99634"}],"curies":[{"name":"wp","href":"https:\/\/api.w.org\/{rel}","templated":true}]}}